{"id":6901,"date":"2025-09-20T19:26:09","date_gmt":"2025-09-20T19:26:09","guid":{"rendered":"https:\/\/dutchchemlabs.com\/?post_type=product&#038;p=6901"},"modified":"2025-11-08T07:39:06","modified_gmt":"2025-11-08T07:39:06","slug":"jacked-30ml-poppers","status":"publish","type":"product","link":"https:\/\/dutchchemlabs.com\/sl\/product\/jacked-30ml-poppers\/","title":{"rendered":"Jacked 30ml poppers"},"content":{"rendered":"<h2>Lockerroom Poppers Jacked poppers bestellen<\/h2>\n<p>De Lockerroom Poppers Jacked 30ml is de beste popper voor beginnende, maar ook ervaren gebruikers. Poppers maken jouw intieme momenten nog leuker en spannender! Wanneer je direct uit het flesje snuift voel je direct het effect. Het effect duurt een aantal minuten. Lockerroom Poppers Jacked 30ml poppers zijn een aantal keren gedistilleerd, waardoor de kwaliteit zeer zuiver is. Let op: Gebruik dit product niet in combinatie met erectiemiddelen.<\/p>\n<p>Bent u op zoek naar een manier om poppers te kopen en te genieten van een intense en onvergetelijke ervaring? Dan is Lockerroom Poppers Jacked 30ml iets voor u! Deze krachtige en hoogwaardige formule is speciaal ontwikkeld om u te helpen ontspannen en uw grenzen te verleggen, en is beschikbaar om bij ons te kopen op dutchchemlabs.com.<\/p>\n<p>Ali \u017eelite tudi vi kupiti 3CMC? Na dutchchemlabs.com prodajamo tudi <a href=\"https:\/\/dutchchemlabs.com\/product\/3cmc-kopen\/\">3CMC v prahu<\/a>, <a href=\"https:\/\/dutchchemlabs.com\/product\/3cmc-kopen-kristallen\/\">kristali 3CMC<\/a> in . <a href=\"https:\/\/dutchchemlabs.com\/product\/3cmc-kopen-capsules\/\">3CMC kapsule<\/a>.<\/p>\n<h2>Lockerroom Poppers Jacked review<\/h2>\n<p>Jacked is een popper uit de Lockerroom Poppers-serie die bekend staat om zijn sterke en intense effecten. Deze krachtige popper is geliefd onder ervaren gebruikers die op zoek zijn naar een intense sensatie. Het flesje bevat een geconcentreerde formule die zorgt voor een snelle rush. Bij het openen komt er een krachtige geur vrij die direct een opwindend gevoel geeft. De effecten van Jacked zijn voelbaar in het hele lichaam, met een sterke headrush en een ontspannend gevoel van de spieren. De intensiteit van Jacked kan de ervaring van seksuele activiteiten versterken en de zintuigen verhogen. Het is belangrijk om deze popper met mate te gebruiken en de aanbevolen dosering te volgen. Voor gebruikers die op zoek zijn naar een krachtige en intense poppersensatie is Lockerroom Poppers Jacked een uitstekende keuze.<\/p>\n<h2>Kupite poppers na dutchchemlabs.com<\/h2>\n<p>Na dutchchemlabs.com lahko pred kratkim naro\u010dite poppers. \u0160e vedno se ukvarjamo s \u0161irjenjem ponudbe izdelkov. Imate predloge, katere popperje ali druge izdelke bi lahko ponudili? <a href=\"https:\/\/dutchchemlabs.com\/contact\">Pi\u0161ite nam<\/a> op en laat het ons weten! Naast de Lockerroom Poppers Jacked 30ml poppers bieden wij <a href=\"https:\/\/dutchchemlabs.com\/product-categorie\/poppers\/\">ve\u010d vrst poperjev.<\/a><\/p>\n<h2>Naro\u010deno pred 18:00 = dostavljeno jutri!<\/h2>\n<p><strong>Naro\u010deno pred 18:00 = dostavljeno jutri! <\/strong>Va\u0161e naro\u010dilo bo anonimno in diskretno poslano z na\u0161im stalnim partnerjem, dru\u017ebo PostNL. Poleg tega lahko preprosto in hitro pla\u010date z iDEAL ali Bancontact. Naro\u010dite prek spletnega mesta ali nas kontaktirajte prek klepeta. \u010ce imate kakr\u0161na koli vpra\u0161anja in\/ali pripombe, nas lahko vedno pokli\u010dete, po\u0161ljete e-po\u0161to ali nas pokli\u010dete. Za naro\u010dila ve\u010djih koli\u010din po\u0161ljite elektronsko sporo\u010dilo na naslov info@dutchchemlabs.com. Veselimo se va\u0161ega naro\u010dila!<\/p>\n<p>dutchchemlabs.com prodaja <a href=\"https:\/\/dutchchemlabs.com\/product-categorie\/research-chemicals\/\">Raziskovalne kemikalije<\/a> in \u0161e ve\u010d.<\/p>\n<div id=\"ConnectiveDocSignExtentionInstalled\" data-extension-version=\"1.0.4\"><\/div>","protected":false},"excerpt":{"rendered":"<ul>\n<li><strong>Diskretno in anonimno po\u0161iljanje<\/strong><\/li>\n<li><strong>Naro\u010deno pred 18:00 = dostavljeno jutri!<\/strong><\/li>\n<li><strong>Brezpla\u010dna dostava nad 50 \u20ac<\/strong><\/li>\n<\/ul>\n<div id=\"ConnectiveDocSignExtentionInstalled\" data-extension-version=\"1.0.4\"><\/div>","protected":false},"featured_media":6955,"comment_status":"open","ping_status":"closed","template":"","meta":[],"product_brand":[],"product_cat":[206,207],"product_tag":[],"class_list":{"0":"post-6901","1":"product","2":"type-product","3":"status-publish","4":"has-post-thumbnail","6":"product_cat-poppers","7":"product_cat-poppers-large","9":"first","10":"instock","11":"taxable","12":"shipping-taxable","13":"purchasable","14":"product-type-simple"},"jetpack_sharing_enabled":true,"_links":{"self":[{"href":"https:\/\/dutchchemlabs.com\/sl\/wp-json\/wp\/v2\/product\/6901","targetHints":{"allow":["GET"]}}],"collection":[{"href":"https:\/\/dutchchemlabs.com\/sl\/wp-json\/wp\/v2\/product"}],"about":[{"href":"https:\/\/dutchchemlabs.com\/sl\/wp-json\/wp\/v2\/types\/product"}],"replies":[{"embeddable":true,"href":"https:\/\/dutchchemlabs.com\/sl\/wp-json\/wp\/v2\/comments?post=6901"}],"version-history":[{"count":1,"href":"https:\/\/dutchchemlabs.com\/sl\/wp-json\/wp\/v2\/product\/6901\/revisions"}],"predecessor-version":[{"id":6956,"href":"https:\/\/dutchchemlabs.com\/sl\/wp-json\/wp\/v2\/product\/6901\/revisions\/6956"}],"wp:featuredmedia":[{"embeddable":true,"href":"https:\/\/dutchchemlabs.com\/sl\/wp-json\/wp\/v2\/media\/6955"}],"wp:attachment":[{"href":"https:\/\/dutchchemlabs.com\/sl\/wp-json\/wp\/v2\/media?parent=6901"}],"wp:term":[{"taxonomy":"product_brand","embeddable":true,"href":"https:\/\/dutchchemlabs.com\/sl\/wp-json\/wp\/v2\/product_brand?post=6901"},{"taxonomy":"product_cat","embeddable":true,"href":"https:\/\/dutchchemlabs.com\/sl\/wp-json\/wp\/v2\/product_cat?post=6901"},{"taxonomy":"product_tag","embeddable":true,"href":"https:\/\/dutchchemlabs.com\/sl\/wp-json\/wp\/v2\/product_tag?post=6901"}],"curies":[{"name":"wp","href":"https:\/\/api.w.org\/{rel}","templated":true}]}}