{"id":7655,"date":"2025-09-20T19:28:33","date_gmt":"2025-09-20T19:28:33","guid":{"rendered":"https:\/\/dutchchemlabs.com\/?post_type=product&#038;p=7655"},"modified":"2025-11-08T07:39:03","modified_gmt":"2025-11-08T07:39:03","slug":"4-peleti-fmph","status":"publish","type":"product","link":"https:\/\/dutchchemlabs.com\/sl\/product\/4-peleti-fmph\/","title":{"rendered":"Peleti 4-FMPH"},"content":{"rendered":"<h2>Kupite pelete 4-FMPH<\/h2>\n<p>4-FMPH je raziskovalna kemikalija in ni namenjena za prehrano ljudi. 4-FMPH lahko kupite na spletni strani dutchchemlabs.com. \u010ce ga naro\u010dite pred 18:00, vam ga bodo dostavili naslednji dan! Pri nas lahko varno in enostavno pla\u010date z iDEAL, kreditno kartico, ban\u010dnim nakazilom in kriptovalutami, kot ste navajeni. Naro\u010dite 4-FMPH na dutchchemlabs.com. Ponujamo tudi <a href=\"https:\/\/dutchchemlabs.com\/product-categorie\/research-chemicals\/cathinonen\/2mmc-kopen\/\">2MMC<\/a>, <a href=\"https:\/\/dutchchemlabs.com\/product-categorie\/research-chemicals\/cathinonen\/pentedrone-nep\/\">Pentedrone (NEP)<\/a>,\u00a0<a href=\"https:\/\/dutchchemlabs.com\/product-categorie\/research-chemicals\/cathinonen\/3fmc\/\">3FMC<\/a> in druge raziskovalne kemikalije za.<\/p>\n<h2>Kaj je 4-FMPH?<\/h2>\n<p>4-fluorometilenfenidat, znan tudi kot 4-FMPH, je sinteti\u010dni stimulans iz razreda fenidatov. Za razliko od svojih farmacevtskih kolegov je 4-FMPH nova spojina s kratko zgodovino kot raziskovalna kemikalija. Kot raziskovalna kemikalija je postal pomemben, ko so ga razvili kot nadomestek za etilfenidat, za katerega so veljale regulativne omejitve.<\/p>\n<h2>U\u010dinki 4-FMPH<\/h2>\n<p>U\u010dinki 4-fluorometilenfenidata (4-FMPH) so povezani s stimulacijo in energijo, vendar je treba biti pri tem zelo previden. V zmernih odmerkih se 4-FMPH pogosto ob\u010duti kot energizirajo\u010d in stimulativen, kar lahko pove\u010da splo\u0161no produktivnost. Uporabniki poro\u010dajo o izbolj\u0161ani budnosti in osredoto\u010denosti, pove\u010da pa lahko tudi motivacijo. Pri ve\u010djih odmerkih lahko vodi k telesnim dejavnostim, kot so ples, dru\u017eenje, tek ali \u010di\u0161\u010denje. Vendar pa je u\u010dinek stimulansa zaznan kot \u2018prisilen\u2019 in lahko povzro\u010di nehotene gibe, tresenje in tresenje celotnega telesa, kar povzro\u010di pomanjkanje motori\u010dnega nadzora.<\/p>\n<p>Pozor! 4-FMPH lahko povzro\u010di tudi ne\u017eelene u\u010dinke, kot so dehidracija, pospe\u0161en sr\u010dni utrip, nenormalno bitje srca, znojenje, \u0161kripanje zob in kr\u010denje \u017eil. Nekateri uporabniki poro\u010dajo o pove\u010danju spolne sle pri ve\u010djih odmerkih, \u010deprav je to manj intenzivno kot pri nekaterih drugih stimulansih. Vendar pa je klju\u010dno opozoriti, da je uporaba zdravila 4-FMPH pri izvajanju raziskav lahko povezana z resnimi stranskimi u\u010dinki in tveganji. Zato je treba biti zelo previden in upo\u0161tevati odgovorne prakse uporabe.<\/p>\n<h2>Naro\u010deno pred 18:00 = dostavljeno jutri!<\/h2>\n<p><strong>Naro\u010deno pred 18:00 = dostavljeno jutri! <\/strong>Va\u0161e naro\u010dilo bo poslano anonimno in diskretno z na\u0161o redno kurirsko slu\u017ebo. Poleg tega lahko preprosto in hitro pla\u010date z iDEAL, Bancontact ali Crypto. Naro\u010dite prek spletnega mesta ali nas kontaktirajte prek klepeta. \u010ce imate kakr\u0161na koli vpra\u0161anja in\/ali pripombe, nas lahko vedno pokli\u010dete, po\u0161ljete e-po\u0161to ali nas pokli\u010dete. Za naro\u010dila ve\u010djih koli\u010din po\u0161ljite e-po\u0161to na naslov info@dutchchemlabs.com. Veselimo se va\u0161ega naro\u010dila!<\/p>\n<h2>Dobavljamo tudi velike koli\u010dine<\/h2>\n<p>\u017delite naro\u010diti pelete 4-FMPH v ve\u010djih koli\u010dinah? Potem nas kontaktirajte prek klepeta. dutchchemlabs.com ponuja konkuren\u010dne cene za ve\u010dje koli\u010dine. Ne \u010dakajte ve\u010d in nas kontaktirajte \u0161e danes.<\/p>\n<div id=\"ConnectiveDocSignExtentionInstalled\" data-extension-version=\"1.0.4\"><\/div>","protected":false},"excerpt":{"rendered":"<ul>\n<li><strong>Diskretno in anonimno po\u0161iljanje<\/strong><\/li>\n<li><strong>Naro\u010deno pred 18:00 = dostavljeno jutri!<\/strong><\/li>\n<li><strong>Brezpla\u010dna dostava nad 50 \u20ac<\/strong><\/li>\n<\/ul>\n<div id=\"ConnectiveDocSignExtentionInstalled\" data-extension-version=\"1.0.4\"><\/div>","protected":false},"featured_media":8769,"comment_status":"open","ping_status":"closed","template":"","meta":[],"product_brand":[],"product_cat":[326,573,187],"product_tag":[],"class_list":{"0":"post-7655","1":"product","2":"type-product","3":"status-publish","4":"has-post-thumbnail","6":"product_cat-4fmph","7":"product_cat-pellets","8":"product_cat-populair","10":"first","11":"instock","12":"taxable","13":"shipping-taxable","14":"purchasable","15":"product-type-variable"},"jetpack_sharing_enabled":true,"_links":{"self":[{"href":"https:\/\/dutchchemlabs.com\/sl\/wp-json\/wp\/v2\/product\/7655","targetHints":{"allow":["GET"]}}],"collection":[{"href":"https:\/\/dutchchemlabs.com\/sl\/wp-json\/wp\/v2\/product"}],"about":[{"href":"https:\/\/dutchchemlabs.com\/sl\/wp-json\/wp\/v2\/types\/product"}],"replies":[{"embeddable":true,"href":"https:\/\/dutchchemlabs.com\/sl\/wp-json\/wp\/v2\/comments?post=7655"}],"version-history":[{"count":2,"href":"https:\/\/dutchchemlabs.com\/sl\/wp-json\/wp\/v2\/product\/7655\/revisions"}],"predecessor-version":[{"id":8771,"href":"https:\/\/dutchchemlabs.com\/sl\/wp-json\/wp\/v2\/product\/7655\/revisions\/8771"}],"wp:featuredmedia":[{"embeddable":true,"href":"https:\/\/dutchchemlabs.com\/sl\/wp-json\/wp\/v2\/media\/8769"}],"wp:attachment":[{"href":"https:\/\/dutchchemlabs.com\/sl\/wp-json\/wp\/v2\/media?parent=7655"}],"wp:term":[{"taxonomy":"product_brand","embeddable":true,"href":"https:\/\/dutchchemlabs.com\/sl\/wp-json\/wp\/v2\/product_brand?post=7655"},{"taxonomy":"product_cat","embeddable":true,"href":"https:\/\/dutchchemlabs.com\/sl\/wp-json\/wp\/v2\/product_cat?post=7655"},{"taxonomy":"product_tag","embeddable":true,"href":"https:\/\/dutchchemlabs.com\/sl\/wp-json\/wp\/v2\/product_tag?post=7655"}],"curies":[{"name":"wp","href":"https:\/\/api.w.org\/{rel}","templated":true}]}}