{"id":7709,"date":"2025-09-20T19:28:44","date_gmt":"2025-09-20T19:28:44","guid":{"rendered":"https:\/\/dutchchemlabs.com\/?post_type=product&#038;p=7709"},"modified":"2025-11-08T07:39:03","modified_gmt":"2025-11-08T07:39:03","slug":"blue-5mapb-liquid-5ml","status":"publish","type":"product","link":"https:\/\/dutchchemlabs.com\/sl\/product\/blue-5mapb-liquid-5ml\/","title":{"rendered":"Modra - 5MAPB Teko\u010dina 5ml"},"content":{"rendered":"<p><strong>Blue &#8211; 5MAPB Liquid\u00a0Kopen. Nu tijdelijk tegen een geweldige actie prijs! Bestel vandaag nog de allerhoogste kwaliteit Liquid Research Chemicals bij dutchchemlabs.com. <em>Naro\u010deno pred 18:00 je dostavljeno jutri!<\/em> Wij doen er alles aan om onze producten zo snel mogelijk bij jou te krijgen. Daarnaast kan je gemakkelijk en veilig betalen met iDeal. Blue &#8211; 5MAPB Liquid kopen doe je bij dutchchemlabs.com, de snelste, beste en goedkoopste! Daarnaast meerdere soorten<a href=\"https:\/\/dutchchemlabs.com\/product-categorie\/research-chemicals\/\"> Raziskovalne kemikalije<\/a> za.<\/strong><\/p>\n<h2>5MAPB, wat is dat?<\/h2>\n<p>5MAPB, wordt ook wel (1-(benzofuran-5-yl)-N-methylpropan-2-amine) of Benzo genoemd. 5MAPB valt onder de groep benzo&#8217;s. De werking wordt met MDMA vergeleken. dutchchemlabs.com is niet verantwoordelijk voor het onjuist gebruik van deze Research Chemical die niet voor menselijke consumptie geschikt is. 5MAPB bewaar je op een donkere, koele en droge plek. Ook dient 5MAPB ten aller tijden buiten het bereik van kinderen en huisdieren gehouden te worden.<\/p>\n<h2>Blue &#8211; 5MAPB Liquid voor 18:00 besteld = morgen in huis!<\/h2>\n<p><strong>Naro\u010deno pred 18:00 = dostavljeno jutri!\u00a0<\/strong>Va\u0161e naro\u010dilo bo anonimno in diskretno poslano z na\u0161im stalnim partnerjem, dru\u017ebo PostNL. Poleg tega lahko preprosto in hitro pla\u010date z iDeal ali Bancontact. Naro\u010dite prek spletnega mesta ali nas kontaktirajte prek klepeta. Za vpra\u0161anja in\/ali komentarje nas lahko vedno pokli\u010dete, po\u0161ljete e-po\u0161to ali nas pokli\u010dete. Za naro\u010dila ve\u010djih koli\u010din po\u0161ljite elektronsko sporo\u010dilo na naslov info@dutchchemlabs.com. Veselimo se va\u0161ega naro\u010dila!<\/p>\n<h2>Velike koli\u010dine<\/h2>\n<p>Wil je graag bestellen in grote hoeveelheden? Neem dan via WhatsApp contact op met <a href=\"https:\/\/api.whatsapp.com\/send?phone=31633906556&amp;text=Hallo%F0%9F%91%8B,%20Ik%20wil%20graag%20in%20grote%20hoeveelheden%20kopen%20en%20profiteren%20van%20korting!\" target=\"_blank\" rel=\"noopener\">06 \u2013 33 90 65 56<\/a>. dutchchemlabs.com bied scherpe tarieven voor grotere hoeveelheden. Wacht niet langer en neem vandaag nog contact op.\u00a0<a href=\"https:\/\/api.whatsapp.com\/send?phone=31633906556&amp;text=Hallo%F0%9F%91%8B,%20Ik%20wil%20graag%20in%20grote%20hoeveelheden%20kopen%20en%20profiteren%20van%20korting!\" target=\"_blank\" rel=\"noopener\">Klik hier om direct met ons in contact te komen.<\/a><\/p>","protected":false},"excerpt":{"rendered":"<ul>\n<li><strong>Diskretno in anonimno po\u0161iljanje<\/strong><\/li>\n<li><strong>Naro\u010deno pred 18:00 = dostavljeno jutri!<\/strong><\/li>\n<li><strong>Brezpla\u010dna dostava nad 50 \u20ac<\/strong><\/li>\n<\/ul>","protected":false},"featured_media":7739,"comment_status":"open","ping_status":"closed","template":"","meta":[],"product_brand":[],"product_cat":[345],"product_tag":[],"class_list":{"0":"post-7709","1":"product","2":"type-product","3":"status-publish","4":"has-post-thumbnail","6":"product_cat-liquids","8":"first","9":"instock","10":"taxable","11":"shipping-taxable","12":"purchasable","13":"product-type-simple"},"jetpack_sharing_enabled":true,"_links":{"self":[{"href":"https:\/\/dutchchemlabs.com\/sl\/wp-json\/wp\/v2\/product\/7709","targetHints":{"allow":["GET"]}}],"collection":[{"href":"https:\/\/dutchchemlabs.com\/sl\/wp-json\/wp\/v2\/product"}],"about":[{"href":"https:\/\/dutchchemlabs.com\/sl\/wp-json\/wp\/v2\/types\/product"}],"replies":[{"embeddable":true,"href":"https:\/\/dutchchemlabs.com\/sl\/wp-json\/wp\/v2\/comments?post=7709"}],"version-history":[{"count":1,"href":"https:\/\/dutchchemlabs.com\/sl\/wp-json\/wp\/v2\/product\/7709\/revisions"}],"predecessor-version":[{"id":7740,"href":"https:\/\/dutchchemlabs.com\/sl\/wp-json\/wp\/v2\/product\/7709\/revisions\/7740"}],"wp:featuredmedia":[{"embeddable":true,"href":"https:\/\/dutchchemlabs.com\/sl\/wp-json\/wp\/v2\/media\/7739"}],"wp:attachment":[{"href":"https:\/\/dutchchemlabs.com\/sl\/wp-json\/wp\/v2\/media?parent=7709"}],"wp:term":[{"taxonomy":"product_brand","embeddable":true,"href":"https:\/\/dutchchemlabs.com\/sl\/wp-json\/wp\/v2\/product_brand?post=7709"},{"taxonomy":"product_cat","embeddable":true,"href":"https:\/\/dutchchemlabs.com\/sl\/wp-json\/wp\/v2\/product_cat?post=7709"},{"taxonomy":"product_tag","embeddable":true,"href":"https:\/\/dutchchemlabs.com\/sl\/wp-json\/wp\/v2\/product_tag?post=7709"}],"curies":[{"name":"wp","href":"https:\/\/api.w.org\/{rel}","templated":true}]}}