{"id":8074,"date":"2025-09-20T19:29:54","date_gmt":"2025-09-20T19:29:54","guid":{"rendered":"https:\/\/dutchchemlabs.com\/?post_type=product&#038;p=8074"},"modified":"2025-11-08T07:39:01","modified_gmt":"2025-11-08T07:39:01","slug":"2mmc-kristallen","status":"publish","type":"product","link":"https:\/\/dutchchemlabs.com\/sl\/product\/2mmc-kristallen\/","title":{"rendered":"2MMC Kristallen"},"content":{"rendered":"<h1>2MMC kristallen kopen<\/h1>\n<p>2MMC kopen doe je bij dutchchemlabs.com. Ben je op zoek naar een research chemical met stimulerende effecten? Ontdek dan nu onze hoogwaardige 2MMC kristallen, verkrijgbaar bij dutchchemlabs.com! Naast 2MMC kristallen verkopen we ook <a href=\"https:\/\/dutchchemlabs.com\/product\/2mmc-poeder-kopen-3mmc-vervanger\/\">2MMC poeder<\/a>, <a href=\"https:\/\/dutchchemlabs.com\/product\/2mmc-capsules-kopen\/\">2MMC capsules<\/a> in . <a href=\"https:\/\/dutchchemlabs.com\/product\/2mmc-pellets-220mg\/\">2MMC <\/a>pellets. Wij bieden ook <a href=\"https:\/\/dutchchemlabs.com\/product-categorie\/research-chemicals\/cathinonen\/pentedrone-nep\/\" data-cke-saved-href=\"https:\/\/dutchchemlabs.com\/product-categorie\/research-chemicals\/cathinonen\/pentedrone-nep\/\">Pentedrone (NEP)<\/a>,\u00a0<a href=\"https:\/\/dutchchemlabs.com\/product-categorie\/research-chemicals\/cathinonen\/3fmc\/\" data-cke-saved-href=\"https:\/\/dutchchemlabs.com\/product-categorie\/research-chemicals\/cathinonen\/3fmc\/\">3FMC<\/a> in druge raziskovalne kemikalije za.<\/p>\n<h2>Wat is 2MMC?<\/h2>\n<p>2-Methylmethcathinone (2-MMC), ook bekend als ortomephedrone, is een research chemical met stimulerende en euforische effecten. Het is een gesubstitueerde cathinon afgeleide, nauw verwant aan bekendere stoffen zoals 3-methylmethcathinone en 4-methylmethcathinone (mephedrone). Chemisch gezien heeft 2-MMC de molecuulformule C11H15NO en een molaire massa van 177.247 g\u00b7mol\u22121. De stof werkt door het be\u00efnvloeden van neurotransmitters in de hersenen, wat leidt tot verhoogde alertheid, energie en een gevoel van euforie. De wetenschappelijke interesse in 2-MMC ligt voornamelijk in de manier waarop het het centrale zenuwstelsel stimuleert, wat het vergelijkbaar maakt met andere amfetamine-achtige verbindingen.<\/p>\n<h2>2MMC effecten<\/h2>\n<p>2MMC, of 2-methylmethcathinon, is een synthetische stimulant die chemisch lijkt op cathinonen, zoals mephedrone. Het gebruik van 2MMC in jouw onderzoek kan een reeks effecten veroorzaken, zowel lichamelijk als geestelijk. Testpersonen rapporteren vaak verhoogde energie, euforie en een verbeterd gevoel van alertheid en focus. Dit gaat soms gepaard met een verhoogde hartslag, zweten en een droge mond. Geestelijk kunnen er gevoelens van verhoogd zelfvertrouwen en sociale verbondenheid optreden. Echter, het gebruik van 2MMC kan ook negatieve effecten hebben, zoals angst, paranoia, rusteloosheid en in sommige gevallen een crash na gebruik, waarbij vermoeidheid en somberheid kunnen optreden. Aangezien het een relatief nieuwe en weinig onderzochte stof is, zijn de lange-termijneffecten en veiligheidsrisico\u2019s nog grotendeels onbekend.<\/p>\n<h2>Naro\u010deno pred 18:00 = dostavljeno jutri!<\/h2>\n<p><strong>Naro\u010deno pred 18:00 = dostavljeno jutri! <\/strong>Va\u0161e naro\u010dilo bo anonimno in diskretno poslano z na\u0161im stalnim partnerjem, dru\u017ebo PostNL. Poleg tega lahko preprosto in hitro pla\u010date z iDEAL ali Bancontact. Naro\u010dite prek spletnega mesta ali nas kontaktirajte prek klepeta. \u010ce imate kakr\u0161na koli vpra\u0161anja in\/ali pripombe, nas lahko vedno pokli\u010dete, po\u0161ljete e-po\u0161to ali nas pokli\u010dete. Za naro\u010dila ve\u010djih koli\u010din po\u0161ljite elektronsko sporo\u010dilo na naslov info@dutchchemlabs.com. Veselimo se va\u0161ega naro\u010dila!<\/p>\n<h2>Dobavljamo tudi velike koli\u010dine<\/h2>\n<p>Wil je graag 2MMC Kristallen bestellen in grotere hoeveelheden? Neem dan via de chat contact met ons op. dutchchemlabs.com biedt scherpe tarieven voor grotere hoeveelheden. Wacht niet langer en neem vandaag nog contact op.<\/p>\n<div id=\"ConnectiveDocSignExtentionInstalled\" data-extension-version=\"1.0.4\"><\/div>","protected":false},"excerpt":{"rendered":"<ul>\n<li><strong>Diskretno in anonimno po\u0161iljanje<\/strong><\/li>\n<li><strong>Naro\u010deno pred 18:00 = dostavljeno jutri!<\/strong><\/li>\n<li><strong>Brezpla\u010dna dostava nad 50 \u20ac<\/strong><\/li>\n<\/ul>\n<div id=\"ConnectiveDocSignExtentionInstalled\" data-extension-version=\"1.0.4\"><\/div>","protected":false},"featured_media":8749,"comment_status":"open","ping_status":"closed","template":"","meta":[],"product_brand":[],"product_cat":[320,102,187],"product_tag":[],"class_list":{"0":"post-8074","1":"product","2":"type-product","3":"status-publish","4":"has-post-thumbnail","6":"product_cat-2mmc","7":"product_cat-cathinonen","8":"product_cat-populair","10":"first","11":"instock","12":"sale","13":"taxable","14":"shipping-taxable","15":"purchasable","16":"product-type-variable"},"jetpack_sharing_enabled":true,"_links":{"self":[{"href":"https:\/\/dutchchemlabs.com\/sl\/wp-json\/wp\/v2\/product\/8074","targetHints":{"allow":["GET"]}}],"collection":[{"href":"https:\/\/dutchchemlabs.com\/sl\/wp-json\/wp\/v2\/product"}],"about":[{"href":"https:\/\/dutchchemlabs.com\/sl\/wp-json\/wp\/v2\/types\/product"}],"replies":[{"embeddable":true,"href":"https:\/\/dutchchemlabs.com\/sl\/wp-json\/wp\/v2\/comments?post=8074"}],"version-history":[{"count":2,"href":"https:\/\/dutchchemlabs.com\/sl\/wp-json\/wp\/v2\/product\/8074\/revisions"}],"predecessor-version":[{"id":8750,"href":"https:\/\/dutchchemlabs.com\/sl\/wp-json\/wp\/v2\/product\/8074\/revisions\/8750"}],"wp:featuredmedia":[{"embeddable":true,"href":"https:\/\/dutchchemlabs.com\/sl\/wp-json\/wp\/v2\/media\/8749"}],"wp:attachment":[{"href":"https:\/\/dutchchemlabs.com\/sl\/wp-json\/wp\/v2\/media?parent=8074"}],"wp:term":[{"taxonomy":"product_brand","embeddable":true,"href":"https:\/\/dutchchemlabs.com\/sl\/wp-json\/wp\/v2\/product_brand?post=8074"},{"taxonomy":"product_cat","embeddable":true,"href":"https:\/\/dutchchemlabs.com\/sl\/wp-json\/wp\/v2\/product_cat?post=8074"},{"taxonomy":"product_tag","embeddable":true,"href":"https:\/\/dutchchemlabs.com\/sl\/wp-json\/wp\/v2\/product_tag?post=8074"}],"curies":[{"name":"wp","href":"https:\/\/api.w.org\/{rel}","templated":true}]}}