{"id":8346,"date":"2025-09-20T19:30:45","date_gmt":"2025-09-20T19:30:45","guid":{"rendered":"https:\/\/dutchchemlabs.com\/?post_type=product&#038;p=8346"},"modified":"2025-11-08T07:39:00","modified_gmt":"2025-11-08T07:39:00","slug":"3mmc-twijfel-pakket-kopen","status":"publish","type":"product","link":"https:\/\/dutchchemlabs.com\/sl\/product\/3mmc-twijfel-pakket-kopen\/","title":{"rendered":"3MMC Twijfel pakket kopen?"},"content":{"rendered":"<p><strong>Nieuw: 3MMC Twijfel pakket! Bestel de allerhoogste kwaliteit 3MMC bij dutchchemlabs.com. <em>Naro\u010deno pred 18:00 je dostavljeno jutri!<\/em>\u00a0Wij doen er alles aan om onze producten zo snel mogelijk bij jou te krijgen. Zo kan je zo snel mogelijk beginnen aan jouw onderzoek. Daarnaast kan je gemakkelijk en veilig betalen met iDeal, zoals je gewend bent. 3MMC kopen doe je bij dutchchemlabs.com, de snelste, beste en goedkoopste! Daarnaast bieden wij ook<a href=\"https:\/\/dutchchemlabs.com\/product\/3mmc-kristallen-morgen-in-huis\/\">\u00a03MMC kristallen<\/a>\u00a0aan,\u00a0<a href=\"https:\/\/dutchchemlabs.com\/product\/3mmc-capsules-morgen-in-huis\/\">3MMC capsules<\/a>, evenals\u00a0<a href=\"https:\/\/dutchchemlabs.com\/product\/3mmc-poeder-morgen-in-huis\/\">3MMC poeder.<\/a><\/strong><\/p>\n<p><strong>\u00a0<\/strong><\/p>\n<h2>3MMC Twijfel pakket<\/h2>\n<p>Twijfel jij over welke producten jij wilt hebben? Neem dan ons 3MMC Twijfel pakket! Met daarin alle 3MMC producten die wij verkopen zodat jij kan kijken wat jij het beste vind. Ons twijfel pakket is zeer voordelig geprijsd en is beschikbaar in 3 verschillende maten:<\/p>\n<ul>\n<li><strong>Small:<\/strong>\u00a0<strong>2<\/strong>\u00a0<strong>gram Kristal, 2 gram Poeder en 5 Capsules<\/strong><\/li>\n<li><strong>Medium:<\/strong>\u00a0<strong>5<\/strong>\u00a0<strong>gram Kristal, 5 gram Poeder en 10 Capsules<\/strong><\/li>\n<li><strong>Large:<\/strong>\u00a0<strong>10<\/strong>\u00a0<strong>gram Kristal, 10 gram Poeder en 20 Capsules<\/strong><\/li>\n<\/ul>\n<p>&nbsp;<\/p>\n<h2>3MMC twijfel pakket, wat is dat?<\/h2>\n<p>3MMC, ook wel miauw miauw genoemd, is op de markt gekomen als vervanger op het populaire 4MMC. 4MMC valt sinds een tijd onder de opiumwet en is daardoor dus illegaal. 3MMC nog niet en is daarom 100% veilig te bestellen bij dutchchemlabs.com. Door het opwekkende gevoel is het een populair middel om te gebruiken in het uitgaansleven. Gebruikers ervaren een vrolijk, euforisch en opgewekt gevoel. dutchchemlabs.com is niet verantwoordelijk voor het onjuist gebruik van deze Research Chemical die niet voor menselijke consumptie geschikt is. 3MMC bewaar je op een donkere, koele en droge plek. Ook dient 3MMC ten aller tijden buiten het bereik van kinderen en huisdieren gehouden te worden.<\/p>\n<p>&nbsp;<\/p>\n<h2>3MMC twijfel pakket Voor 18:00 besteld, morgen in huis!<\/h2>\n<p><strong>Naro\u010deno pred 18:00 = dostavljeno jutri!\u00a0<\/strong>Va\u0161e naro\u010dilo bo anonimno in diskretno poslano z na\u0161im stalnim partnerjem, dru\u017ebo PostNL. Poleg tega lahko preprosto in hitro pla\u010date z iDeal ali Bancontact. Naro\u010dite prek spletnega mesta ali nas kontaktirajte prek klepeta. Za vpra\u0161anja in\/ali komentarje nas lahko vedno pokli\u010dete, po\u0161ljete e-po\u0161to ali nas pokli\u010dete. Za naro\u010dila ve\u010djih koli\u010din po\u0161ljite elektronsko sporo\u010dilo na naslov info@dutchchemlabs.com. Veselimo se va\u0161ega naro\u010dila!<\/p>\n<p>&nbsp;<\/p>\n<h2>Velike koli\u010dine<\/h2>\n<p>Wil je graag bestellen in grotere hoeveelheden? Neem dan via de chat contact met ons op. bied scherpe tarieven voor grotere hoeveelheden. Wacht niet langer en neem vandaag nog contact op.<\/p>","protected":false},"excerpt":{"rendered":"<ul>\n<li><strong>Diskretno in anonimno po\u0161iljanje<\/strong><\/li>\n<li><strong>Naro\u010deno pred 18:00 = dostavljeno jutri!<\/strong><\/li>\n<li><strong>Brezpla\u010dna dostava nad 50 \u20ac<\/strong><\/li>\n<\/ul>","protected":false},"featured_media":8690,"comment_status":"open","ping_status":"closed","template":"","meta":[],"product_brand":[],"product_cat":[363],"product_tag":[],"class_list":{"0":"post-8346","1":"product","2":"type-product","3":"status-publish","4":"has-post-thumbnail","6":"product_cat-3mmc-kopen","8":"first","9":"instock","10":"sale","11":"taxable","12":"shipping-taxable","13":"purchasable","14":"product-type-variable"},"jetpack_sharing_enabled":true,"_links":{"self":[{"href":"https:\/\/dutchchemlabs.com\/sl\/wp-json\/wp\/v2\/product\/8346","targetHints":{"allow":["GET"]}}],"collection":[{"href":"https:\/\/dutchchemlabs.com\/sl\/wp-json\/wp\/v2\/product"}],"about":[{"href":"https:\/\/dutchchemlabs.com\/sl\/wp-json\/wp\/v2\/types\/product"}],"replies":[{"embeddable":true,"href":"https:\/\/dutchchemlabs.com\/sl\/wp-json\/wp\/v2\/comments?post=8346"}],"version-history":[{"count":3,"href":"https:\/\/dutchchemlabs.com\/sl\/wp-json\/wp\/v2\/product\/8346\/revisions"}],"predecessor-version":[{"id":8688,"href":"https:\/\/dutchchemlabs.com\/sl\/wp-json\/wp\/v2\/product\/8346\/revisions\/8688"}],"wp:featuredmedia":[{"embeddable":true,"href":"https:\/\/dutchchemlabs.com\/sl\/wp-json\/wp\/v2\/media\/8690"}],"wp:attachment":[{"href":"https:\/\/dutchchemlabs.com\/sl\/wp-json\/wp\/v2\/media?parent=8346"}],"wp:term":[{"taxonomy":"product_brand","embeddable":true,"href":"https:\/\/dutchchemlabs.com\/sl\/wp-json\/wp\/v2\/product_brand?post=8346"},{"taxonomy":"product_cat","embeddable":true,"href":"https:\/\/dutchchemlabs.com\/sl\/wp-json\/wp\/v2\/product_cat?post=8346"},{"taxonomy":"product_tag","embeddable":true,"href":"https:\/\/dutchchemlabs.com\/sl\/wp-json\/wp\/v2\/product_tag?post=8346"}],"curies":[{"name":"wp","href":"https:\/\/api.w.org\/{rel}","templated":true}]}}