{"id":3673,"date":"2025-09-20T09:20:23","date_gmt":"2025-09-20T09:20:23","guid":{"rendered":"https:\/\/dutchchemlabs.com\/?post_type=product&#038;p=3673"},"modified":"2025-11-08T07:39:13","modified_gmt":"2025-11-08T07:39:13","slug":"poppers-rush-ultra-strong-10ml","status":"publish","type":"product","link":"https:\/\/dutchchemlabs.com\/sv\/product\/poppers-rush-ultra-strong-10ml\/","title":{"rendered":"Poppers Rush Ultra Strong 10ml"},"content":{"rendered":"<h1><strong>Poppers Rush Ultra Strong 10ml<\/strong><\/h1>\n<p>Ervaar de ultieme sensatie van kracht en opwinding met Poppers Rush Ultra Strong 10ml, verkrijgbaar bij dutchchemlabs.com! Deze krachtige poppers zijn ontworpen om je te verrassen met een onge\u00ebvenaarde rush die je naar nieuwe hoogten van genot zal brengen.<\/p>\n<p>Met zijn unieke formule van isopropyl nitriet levert Poppers Rush Ultra Strong een snelle en intense rush die je zintuigen zal prikkelen en je zal laten genieten van een explosie van opwinding. Of je nu op zoek bent naar een extra stimulans tijdens intieme momenten of naar een spannende toevoeging aan je feestjes, deze poppers bieden een onvergetelijke ervaring.<\/p>\n<p>Dankzij de handige fles van 10ml is Poppers Rush Ultra Strong perfect voor onderweg. Of je nu een avondje uitgaat met vrienden, een feestje hebt of gewoon wat extra pit wilt toevoegen aan je priv\u00e9momenten, deze poppers zijn jouw ultieme metgezel.<\/p>\n<p>Kies voor ultieme kracht en opwinding met Poppers Rush Ultra Strong 10ml van dutchchemlabs.com. Bestel vandaag nog en ontdek de grenzeloze mogelijkheden van genot met deze sensationele poppers!<\/p>\n<h2>Best\u00e4llt f\u00f6re 18:00 = levererat i morgon!<\/h2>\n<p><strong>Best\u00e4llt f\u00f6re 18:00 = levererat i morgon! <\/strong>Din best\u00e4llning kommer att skickas anonymt och diskret med v\u00e5r vanliga partner, PostNL. Dessutom kan du betala enkelt och snabbt med iDEAL eller Bancontact. Best\u00e4ll via webbplatsen eller kontakta oss via chatt. Om du har n\u00e5gra fr\u00e5gor och \/ eller kommentarer kan du alltid ringa, maila eller ringa oss. F\u00f6r best\u00e4llningar av st\u00f6rre kvantiteter, v\u00e4nligen skicka ett e-postmeddelande till info@dutchchemlabs.com. Vi ser fram emot att ta emot din best\u00e4llning!<\/p>\n<p>Wij bieden meerdere soorten<a href=\"https:\/\/dutchchemlabs.com\/product-categorie\/poppers\/\">\u00a0Poppers<\/a>\u00a0aan. Ook zijn wij\u00a0<a href=\"https:\/\/dutchchemlabs.com\/product-categorie\/research-chemicals\/\">Forskningskemikalier<\/a>\u00a0Specialist.<\/p>\n<div id=\"ConnectiveDocSignExtentionInstalled\" data-extension-version=\"1.0.4\"><\/div>","protected":false},"excerpt":{"rendered":"<ul>\n<li><strong>Diskret och anonym frakt<\/strong><\/li>\n<li><strong>Best\u00e4llt f\u00f6re 18:00 = levererat i morgon!<\/strong><\/li>\n<li><strong>Fri frakt \u00f6ver 50 euro<\/strong><\/li>\n<\/ul>\n<div id=\"ConnectiveDocSignExtentionInstalled\" data-extension-version=\"1.0.4\"><\/div>","protected":false},"featured_media":3736,"comment_status":"open","ping_status":"closed","template":"","meta":[],"product_brand":[],"product_cat":[206,209],"product_tag":[],"class_list":{"0":"post-3673","1":"product","2":"type-product","3":"status-publish","4":"has-post-thumbnail","6":"product_cat-poppers","7":"product_cat-poppers-small","9":"first","10":"instock","11":"taxable","12":"shipping-taxable","13":"purchasable","14":"product-type-simple"},"jetpack_sharing_enabled":true,"_links":{"self":[{"href":"https:\/\/dutchchemlabs.com\/sv\/wp-json\/wp\/v2\/product\/3673","targetHints":{"allow":["GET"]}}],"collection":[{"href":"https:\/\/dutchchemlabs.com\/sv\/wp-json\/wp\/v2\/product"}],"about":[{"href":"https:\/\/dutchchemlabs.com\/sv\/wp-json\/wp\/v2\/types\/product"}],"replies":[{"embeddable":true,"href":"https:\/\/dutchchemlabs.com\/sv\/wp-json\/wp\/v2\/comments?post=3673"}],"version-history":[{"count":1,"href":"https:\/\/dutchchemlabs.com\/sv\/wp-json\/wp\/v2\/product\/3673\/revisions"}],"predecessor-version":[{"id":3737,"href":"https:\/\/dutchchemlabs.com\/sv\/wp-json\/wp\/v2\/product\/3673\/revisions\/3737"}],"wp:featuredmedia":[{"embeddable":true,"href":"https:\/\/dutchchemlabs.com\/sv\/wp-json\/wp\/v2\/media\/3736"}],"wp:attachment":[{"href":"https:\/\/dutchchemlabs.com\/sv\/wp-json\/wp\/v2\/media?parent=3673"}],"wp:term":[{"taxonomy":"product_brand","embeddable":true,"href":"https:\/\/dutchchemlabs.com\/sv\/wp-json\/wp\/v2\/product_brand?post=3673"},{"taxonomy":"product_cat","embeddable":true,"href":"https:\/\/dutchchemlabs.com\/sv\/wp-json\/wp\/v2\/product_cat?post=3673"},{"taxonomy":"product_tag","embeddable":true,"href":"https:\/\/dutchchemlabs.com\/sv\/wp-json\/wp\/v2\/product_tag?post=3673"}],"curies":[{"name":"wp","href":"https:\/\/api.w.org\/{rel}","templated":true}]}}