{"id":3674,"date":"2025-09-20T09:20:23","date_gmt":"2025-09-20T09:20:23","guid":{"rendered":"https:\/\/dutchchemlabs.com\/?post_type=product&#038;p=3674"},"modified":"2025-11-08T07:39:13","modified_gmt":"2025-11-08T07:39:13","slug":"poppers-wings-black-10ml","status":"publish","type":"product","link":"https:\/\/dutchchemlabs.com\/sv\/product\/poppers-wings-black-10ml\/","title":{"rendered":"Poppers Wings Black 10ml"},"content":{"rendered":"<h1><strong>Poppers Wings Black 10ml<\/strong><\/h1>\n<p>Ontdek de duistere kant van genot met Poppers Wings Black 10ml, verkrijgbaar bij dutchchemlabs.com! Deze krachtige poppers zijn ontworpen om je mee te nemen op een enerverende reis naar ongekende hoogten van opwinding en plezier.<\/p>\n<p>Met zijn unieke mix van isopropyl nitriet biedt Poppers Wings Black een snelle en intense rush die je zintuigen zal prikkelen en je zal laten zweven in een wereld van zalige extase. Of je nu op zoek bent naar een extra stimulans tijdens intieme momenten of naar een spannende toevoeging aan je feestjes, deze poppers leveren een onvergetelijke ervaring.<\/p>\n<p>Dankzij de handige fles van 10ml kun je Poppers Wings Black overal mee naartoe nemen. Of je nu een avondje uitgaat met vrienden, een feestje hebt of gewoon wat extra pit wilt toevoegen aan je priv\u00e9momenten, deze poppers zijn jouw ultieme metgezel.<\/p>\n<p>Kies voor een mysterieuze ervaring met Poppers Wings Black 10ml van dutchchemlabs.com. Bestel vandaag nog en laat je betoveren door de donkere kant van genot met deze sensationele poppers!<\/p>\n<h2>Best\u00e4llt f\u00f6re 18:00 = levererat i morgon!<\/h2>\n<p><strong>Best\u00e4llt f\u00f6re 18:00 = levererat i morgon! <\/strong>Din best\u00e4llning kommer att skickas anonymt och diskret med v\u00e5r vanliga partner, PostNL. Dessutom kan du betala enkelt och snabbt med iDEAL eller Bancontact. Best\u00e4ll via webbplatsen eller kontakta oss via chatt. Om du har n\u00e5gra fr\u00e5gor och \/ eller kommentarer kan du alltid ringa, maila eller ringa oss. F\u00f6r best\u00e4llningar av st\u00f6rre kvantiteter, v\u00e4nligen skicka ett e-postmeddelande till info@dutchchemlabs.com. Vi ser fram emot att ta emot din best\u00e4llning!<\/p>\n<p>Wij bieden meerdere soorten<a href=\"https:\/\/dutchchemlabs.com\/product-categorie\/poppers\/\">\u00a0Poppers<\/a>\u00a0aan. Ook zijn wij\u00a0<a href=\"https:\/\/dutchchemlabs.com\/product-categorie\/research-chemicals\/\">Forskningskemikalier<\/a>\u00a0Specialist.<\/p>\n<div id=\"ConnectiveDocSignExtentionInstalled\" data-extension-version=\"1.0.4\"><\/div>","protected":false},"excerpt":{"rendered":"<ul>\n<li><strong>Diskret och anonym frakt<\/strong><\/li>\n<li><strong>Best\u00e4llt f\u00f6re 18:00 = levererat i morgon!<\/strong><\/li>\n<li><strong>Fri frakt \u00f6ver 50 euro<\/strong><\/li>\n<\/ul>\n<div id=\"ConnectiveDocSignExtentionInstalled\" data-extension-version=\"1.0.4\"><\/div>","protected":false},"featured_media":3738,"comment_status":"open","ping_status":"closed","template":"","meta":[],"product_brand":[],"product_cat":[206,209],"product_tag":[],"class_list":{"0":"post-3674","1":"product","2":"type-product","3":"status-publish","4":"has-post-thumbnail","6":"product_cat-poppers","7":"product_cat-poppers-small","9":"first","10":"instock","11":"taxable","12":"shipping-taxable","13":"purchasable","14":"product-type-simple"},"jetpack_sharing_enabled":true,"_links":{"self":[{"href":"https:\/\/dutchchemlabs.com\/sv\/wp-json\/wp\/v2\/product\/3674","targetHints":{"allow":["GET"]}}],"collection":[{"href":"https:\/\/dutchchemlabs.com\/sv\/wp-json\/wp\/v2\/product"}],"about":[{"href":"https:\/\/dutchchemlabs.com\/sv\/wp-json\/wp\/v2\/types\/product"}],"replies":[{"embeddable":true,"href":"https:\/\/dutchchemlabs.com\/sv\/wp-json\/wp\/v2\/comments?post=3674"}],"version-history":[{"count":1,"href":"https:\/\/dutchchemlabs.com\/sv\/wp-json\/wp\/v2\/product\/3674\/revisions"}],"predecessor-version":[{"id":3739,"href":"https:\/\/dutchchemlabs.com\/sv\/wp-json\/wp\/v2\/product\/3674\/revisions\/3739"}],"wp:featuredmedia":[{"embeddable":true,"href":"https:\/\/dutchchemlabs.com\/sv\/wp-json\/wp\/v2\/media\/3738"}],"wp:attachment":[{"href":"https:\/\/dutchchemlabs.com\/sv\/wp-json\/wp\/v2\/media?parent=3674"}],"wp:term":[{"taxonomy":"product_brand","embeddable":true,"href":"https:\/\/dutchchemlabs.com\/sv\/wp-json\/wp\/v2\/product_brand?post=3674"},{"taxonomy":"product_cat","embeddable":true,"href":"https:\/\/dutchchemlabs.com\/sv\/wp-json\/wp\/v2\/product_cat?post=3674"},{"taxonomy":"product_tag","embeddable":true,"href":"https:\/\/dutchchemlabs.com\/sv\/wp-json\/wp\/v2\/product_tag?post=3674"}],"curies":[{"name":"wp","href":"https:\/\/api.w.org\/{rel}","templated":true}]}}