{"id":6889,"date":"2025-09-20T19:26:08","date_gmt":"2025-09-20T19:26:08","guid":{"rendered":"https:\/\/dutchchemlabs.com\/?post_type=product&#038;p=6889"},"modified":"2025-11-08T07:39:06","modified_gmt":"2025-11-08T07:39:06","slug":"black-hole-24ml-poppers","status":"publish","type":"product","link":"https:\/\/dutchchemlabs.com\/sv\/product\/black-hole-24ml-poppers\/","title":{"rendered":"Black Hole 24ml Poppers"},"content":{"rendered":"<h2>Black Hole poppers bestellen<\/h2>\n<p>Bij dutchchemlabs.com geloven wij dat seksualiteit een belangrijk onderdeel is van het leven. Daarom bieden wij hoogwaardige producten aan zoals Black Hole 24ml poppers, die jou kunnen helpen om jouw seksleven naar een hoger niveau te tillen.<\/p>\n<p>Black Hole poppers zijn speciaal ontworpen om jouw seksuele fantasie\u00ebn te laten uitkomen. Of je nu wilt ontvangen of geven, deze poppers zijn ervoor gemaakt. Door het gebruik van Black Hole poppers ontspannen jouw spieren en groeit jouw seksuele opwinding. Elk spoortje van nervositeit wordt tijdens de korte high volledig weggenomen, waardoor jij volledig kunt genieten van jouw seksuele ervaringen.<\/p>\n<p>Het gebruik van Black Hole poppers is heel eenvoudig. De geur van de poppers wordt direct uit het flesje via de neus opgesnoven. Het effect is vrijwel meteen merkbaar en houdt twee tot maximaal vijf minuten aan. Dit maakt het de perfecte oplossing voor mensen die op zoek zijn naar een kortdurende maar krachtige ervaring.<\/p>\n<p>Bij dutchchemlabs.com kun jij eenvoudig Black Hole poppers kopen en bestellen. Wij bieden een ruim assortiment aan van verschillende soorten poppers, zodat jij altijd de juiste keuze kunt maken. Onze poppers zijn van hoge kwaliteit en worden snel en discreet bij jou thuis bezorgd. Waar wacht je nog op? Laat jouw seksuele fantasie\u00ebn uitkomen met Black Hole poppers en bestel nu bij dutchchemlabs.com!<\/p>\n<p>Vill du ocks\u00e5 g\u00e4rna k\u00f6pa 3CMC? P\u00e5 dutchchemlabs.com s\u00e4ljer vi ocks\u00e5 <a href=\"https:\/\/dutchchemlabs.com\/product\/3cmc-kopen\/\">3CMC-pulver<\/a>, <a href=\"https:\/\/dutchchemlabs.com\/product\/3cmc-kopen-kristallen\/\">3CMC-kristaller<\/a> och <a href=\"https:\/\/dutchchemlabs.com\/product\/3cmc-kopen-capsules\/\">3CMC kapslar<\/a>.<\/p>\n<h2>Black Hole poppers review<\/h2>\n<p>De Black Hole poppers zijn speciaal ontwikkeld om de bloedvaten te ontspannen en de bloedtoevoer naar de penis te vergroten, wat resulteert in een verbeterde erectie. De effecten van deze poppers zijn vrijwel direct merkbaar en kunnen enkele minuten aanhouden, waardoor je volop kunt genieten van intense en plezierige sensaties. De soepele en krachtige effecten maken van Black Hole een uitstekende aanvulling op elk intiem moment, of je nu alleen bent of met een partner. Het is echter belangrijk om op te merken dat deze poppers behoorlijk sterk zijn, dus het wordt aangeraden om met een kleine dosis te beginnen en deze geleidelijk te verhogen indien nodig. Black Hole is een van de meest gewilde poppers na de bekende Rush poppers en maakt zijn naam en reputatie waar. Het is echter belangrijk op te merken dat poppers strikt verkocht worden voor reinigingsdoeleinden en Indopoppers.com niet verantwoordelijk is voor misbruik van de producten.<\/p>\n<h2>Poppers kopen doe je bij dutchchemlabs.com<\/h2>\n<p>Bij dutchchemlabs.com kan je sinds kort ook poppers bestellen. Wij zijn nog druk bezig ons assortiment uit te breiden. Heb jij nog suggesties over welke poppers of overige producten wij nog meer aan kunnen bieden? <a href=\"https:\/\/dutchchemlabs.com\/contact\">Neem contact met ons<\/a> op en laat het ons weten! Naast de Black Hole 24ml bieden wij <a href=\"https:\/\/dutchchemlabs.com\/product-categorie\/poppers\/\">meerdere soorten poppers aan.<\/a><\/p>\n<h2>Best\u00e4llt f\u00f6re 18:00 = levererat i morgon!<\/h2>\n<p><strong>Best\u00e4llt f\u00f6re 18:00 = levererat i morgon! <\/strong>Din best\u00e4llning kommer att skickas anonymt och diskret med v\u00e5r vanliga partner, PostNL. Dessutom kan du betala enkelt och snabbt med iDEAL eller Bancontact. Best\u00e4ll via webbplatsen eller kontakta oss via chatt. Om du har n\u00e5gra fr\u00e5gor och \/ eller kommentarer kan du alltid ringa, maila eller ringa oss. F\u00f6r best\u00e4llningar av st\u00f6rre kvantiteter, v\u00e4nligen skicka ett e-postmeddelande till info@dutchchemlabs.com. Vi ser fram emot att ta emot din best\u00e4llning!<\/p>\n<p>dutchchemlabs.com verkoopt <a href=\"https:\/\/dutchchemlabs.com\/product-categorie\/research-chemicals\/\">Forskningskemikalier<\/a> och mycket mer.<\/p>\n<div id=\"ConnectiveDocSignExtentionInstalled\" data-extension-version=\"1.0.4\"><\/div>","protected":false},"excerpt":{"rendered":"<ul>\n<li><strong>Diskret och anonym frakt<\/strong><\/li>\n<li><strong>Best\u00e4llt f\u00f6re 18:00 = levererat i morgon!<\/strong><\/li>\n<li><strong>Fri frakt \u00f6ver 50 euro<\/strong><\/li>\n<\/ul>\n<div id=\"ConnectiveDocSignExtentionInstalled\" data-extension-version=\"1.0.4\"><\/div>","protected":false},"featured_media":6927,"comment_status":"open","ping_status":"closed","template":"","meta":[],"product_brand":[],"product_cat":[206,207],"product_tag":[],"class_list":{"0":"post-6889","1":"product","2":"type-product","3":"status-publish","4":"has-post-thumbnail","6":"product_cat-poppers","7":"product_cat-poppers-large","9":"first","10":"instock","11":"taxable","12":"shipping-taxable","13":"purchasable","14":"product-type-simple"},"jetpack_sharing_enabled":true,"_links":{"self":[{"href":"https:\/\/dutchchemlabs.com\/sv\/wp-json\/wp\/v2\/product\/6889","targetHints":{"allow":["GET"]}}],"collection":[{"href":"https:\/\/dutchchemlabs.com\/sv\/wp-json\/wp\/v2\/product"}],"about":[{"href":"https:\/\/dutchchemlabs.com\/sv\/wp-json\/wp\/v2\/types\/product"}],"replies":[{"embeddable":true,"href":"https:\/\/dutchchemlabs.com\/sv\/wp-json\/wp\/v2\/comments?post=6889"}],"version-history":[{"count":1,"href":"https:\/\/dutchchemlabs.com\/sv\/wp-json\/wp\/v2\/product\/6889\/revisions"}],"predecessor-version":[{"id":6928,"href":"https:\/\/dutchchemlabs.com\/sv\/wp-json\/wp\/v2\/product\/6889\/revisions\/6928"}],"wp:featuredmedia":[{"embeddable":true,"href":"https:\/\/dutchchemlabs.com\/sv\/wp-json\/wp\/v2\/media\/6927"}],"wp:attachment":[{"href":"https:\/\/dutchchemlabs.com\/sv\/wp-json\/wp\/v2\/media?parent=6889"}],"wp:term":[{"taxonomy":"product_brand","embeddable":true,"href":"https:\/\/dutchchemlabs.com\/sv\/wp-json\/wp\/v2\/product_brand?post=6889"},{"taxonomy":"product_cat","embeddable":true,"href":"https:\/\/dutchchemlabs.com\/sv\/wp-json\/wp\/v2\/product_cat?post=6889"},{"taxonomy":"product_tag","embeddable":true,"href":"https:\/\/dutchchemlabs.com\/sv\/wp-json\/wp\/v2\/product_tag?post=6889"}],"curies":[{"name":"wp","href":"https:\/\/api.w.org\/{rel}","templated":true}]}}