{"id":6891,"date":"2025-09-20T19:26:08","date_gmt":"2025-09-20T19:26:08","guid":{"rendered":"https:\/\/dutchchemlabs.com\/?post_type=product&#038;p=6891"},"modified":"2025-11-08T07:39:06","modified_gmt":"2025-11-08T07:39:06","slug":"blue-boy-retro-poppers-25ml","status":"publish","type":"product","link":"https:\/\/dutchchemlabs.com\/sv\/product\/blue-boy-retro-poppers-25ml\/","title":{"rendered":"Blue Boy Retro Poppers 25ml"},"content":{"rendered":"<h2>Blue Boy Retro poppers bestellen<\/h2>\n<p>De Blue Boy Retro is een absolute klassieker onder de poppers en is al sinds de jaren zeventig op de markt. Deze poppers worden geleverd in de originele vierkante bruine fles met het herkenbare blauwe label. En goed nieuws: de fles is nu uitgerust met een gloednieuwe 100% luchtdichte en lekvrije veiligheidsdop!<\/p>\n<p>Dankzij deze nieuwe dop hoef jij je geen zorgen meer te maken over lekkages tijdens het transport. Maar er is nog meer goed nieuws: de dop zorgt er namelijk ook voor dat de poppers langer vers blijven! Het hermetisch afsluiten van de fles zorgt ervoor dat de krachtige isopropylnitriet nog langer zijn werk kan doen.<\/p>\n<p>Bij dutchchemlabs.com kun je deze Blue Boy Retro poppers nu eenvoudig bestellen. Profiteer van onze snelle en discrete verzending en geniet binnenkort van deze klassieke en verbeterde poppers!<\/p>\n<p>Vill du ocks\u00e5 g\u00e4rna k\u00f6pa 3CMC? P\u00e5 dutchchemlabs.com s\u00e4ljer vi ocks\u00e5 <a href=\"https:\/\/dutchchemlabs.com\/product\/3cmc-kopen\/\">3CMC-pulver<\/a>, <a href=\"https:\/\/dutchchemlabs.com\/product\/3cmc-kopen-kristallen\/\">3CMC-kristaller<\/a> och <a href=\"https:\/\/dutchchemlabs.com\/product\/3cmc-kopen-capsules\/\">3CMC kapslar<\/a>.<\/p>\n<h2>Blue Boy Retro poppers review<\/h2>\n<div class=\"text-red-500 markdown prose w-full break-words dark:prose-invert light\">\n<p>De poppers genaamd Blue Boy Retro zijn geliefde klassiekers vanwege hun kwaliteit en herkenbare geur. Deze poppers van het gerenommeerde merk Blue Boy zijn populair bij zowel beginners als ervaren gebruikers. Bij het openen van de fles komt er een krachtige en verleidelijke geur vrij, die direct de zintuigen prikkelt. Deze poppers bieden een ontspannend effect en versterken de sensaties, wat ideaal is voor het verkennen van seksuele grenzen. De Poppers Blue Boy Retro zijn eenvoudig in gebruik en bieden snelle resultaten. Ze helpen bij het ontspannen van spieren en verhogen de bloedtoevoer naar specifieke gebieden, waardoor de opwinding en het plezier worden versterkt. Of je nu een feestje wilt opvrolijken of je intieme momenten wilt intensiveren, deze poppers bieden een betrouwbare en plezierige ervaring met hun klassieke geur en stimulerende effecten.<\/p>\n<\/p><\/div>\n<h2>Poppers kopen doe je bij dutchchemlabs.com<\/h2>\n<p>Bij dutchchemlabs.com kan je sinds kort ook poppers bestellen. Wij zijn nog druk bezig ons assortiment uit te breiden. Heb jij nog suggesties over welke poppers of overige producten wij nog meer aan kunnen bieden? <a href=\"https:\/\/dutchchemlabs.com\/contact\">Neem contact met ons<\/a> op en laat het ons weten! Naast de Poppers Blue Boy Retro 25ml bieden wij <a href=\"https:\/\/dutchchemlabs.com\/product-categorie\/poppers\/\">meerdere soorten poppers aan<\/a>.<\/p>\n<h2>Best\u00e4llt f\u00f6re 18:00 = levererat i morgon!<\/h2>\n<p><strong>Best\u00e4llt f\u00f6re 18:00 = levererat i morgon! <\/strong>Din best\u00e4llning kommer att skickas anonymt och diskret med v\u00e5r vanliga partner, PostNL. Dessutom kan du betala enkelt och snabbt med iDEAL eller Bancontact. Best\u00e4ll via webbplatsen eller kontakta oss via chatt. Om du har n\u00e5gra fr\u00e5gor och \/ eller kommentarer kan du alltid ringa, maila eller ringa oss. F\u00f6r best\u00e4llningar av st\u00f6rre kvantiteter, v\u00e4nligen skicka ett e-postmeddelande till info@dutchchemlabs.com. Vi ser fram emot att ta emot din best\u00e4llning!<\/p>\n<p>dutchchemlabs.com verkoopt <a href=\"https:\/\/dutchchemlabs.com\/product-categorie\/research-chemicals\/\">Forskningskemikalier<\/a> och mycket mer.<\/p>\n<div id=\"ConnectiveDocSignExtentionInstalled\" data-extension-version=\"1.0.4\"><\/div>","protected":false},"excerpt":{"rendered":"<ul>\n<li><strong>Diskret och anonym frakt<\/strong><\/li>\n<li><strong>Best\u00e4llt f\u00f6re 18:00 = levererat i morgon!<\/strong><\/li>\n<li><strong>Fri frakt \u00f6ver 50 euro<\/strong><\/li>\n<\/ul>\n<div id=\"ConnectiveDocSignExtentionInstalled\" data-extension-version=\"1.0.4\"><\/div>","protected":false},"featured_media":6931,"comment_status":"open","ping_status":"closed","template":"","meta":[],"product_brand":[],"product_cat":[206,207],"product_tag":[],"class_list":{"0":"post-6891","1":"product","2":"type-product","3":"status-publish","4":"has-post-thumbnail","6":"product_cat-poppers","7":"product_cat-poppers-large","9":"first","10":"instock","11":"taxable","12":"shipping-taxable","13":"purchasable","14":"product-type-simple"},"jetpack_sharing_enabled":true,"_links":{"self":[{"href":"https:\/\/dutchchemlabs.com\/sv\/wp-json\/wp\/v2\/product\/6891","targetHints":{"allow":["GET"]}}],"collection":[{"href":"https:\/\/dutchchemlabs.com\/sv\/wp-json\/wp\/v2\/product"}],"about":[{"href":"https:\/\/dutchchemlabs.com\/sv\/wp-json\/wp\/v2\/types\/product"}],"replies":[{"embeddable":true,"href":"https:\/\/dutchchemlabs.com\/sv\/wp-json\/wp\/v2\/comments?post=6891"}],"version-history":[{"count":1,"href":"https:\/\/dutchchemlabs.com\/sv\/wp-json\/wp\/v2\/product\/6891\/revisions"}],"predecessor-version":[{"id":6932,"href":"https:\/\/dutchchemlabs.com\/sv\/wp-json\/wp\/v2\/product\/6891\/revisions\/6932"}],"wp:featuredmedia":[{"embeddable":true,"href":"https:\/\/dutchchemlabs.com\/sv\/wp-json\/wp\/v2\/media\/6931"}],"wp:attachment":[{"href":"https:\/\/dutchchemlabs.com\/sv\/wp-json\/wp\/v2\/media?parent=6891"}],"wp:term":[{"taxonomy":"product_brand","embeddable":true,"href":"https:\/\/dutchchemlabs.com\/sv\/wp-json\/wp\/v2\/product_brand?post=6891"},{"taxonomy":"product_cat","embeddable":true,"href":"https:\/\/dutchchemlabs.com\/sv\/wp-json\/wp\/v2\/product_cat?post=6891"},{"taxonomy":"product_tag","embeddable":true,"href":"https:\/\/dutchchemlabs.com\/sv\/wp-json\/wp\/v2\/product_tag?post=6891"}],"curies":[{"name":"wp","href":"https:\/\/api.w.org\/{rel}","templated":true}]}}