{"id":6899,"date":"2025-09-20T19:26:08","date_gmt":"2025-09-20T19:26:08","guid":{"rendered":"https:\/\/dutchchemlabs.com\/?post_type=product&#038;p=6899"},"modified":"2025-11-08T07:39:07","modified_gmt":"2025-11-08T07:39:07","slug":"colt-30-ml-poppers","status":"publish","type":"product","link":"https:\/\/dutchchemlabs.com\/sv\/product\/colt-30-ml-poppers\/","title":{"rendered":"Colt 30 ml poppers"},"content":{"rendered":"<h2>Lockerroom Poppers Colt poppers bestellen<\/h2>\n<p>Bent u op zoek naar een krachtige formule om te ontspannen en uw grenzen te verleggen? Dan is Lockerroom Poppers Colt 30ml het product dat u zoekt! Deze hoogwaardige poppers zijn speciaal ontwikkeld om u een onvergetelijke ervaring te bieden en zijn verkrijgbaar om te kopen of te bestellen bij dutchchemlabs.com.<\/p>\n<p>De Lockerroom Poppers Colt 30ml zijn gemaakt van hoogwaardige ingredi\u00ebnten en bieden een snelle en effectieve rush. Deze formule is perfect voor mensen die op zoek zijn naar een intens gevoel van warmte en opwinding. Of u nu wilt ontspannen na een lange dag of gewoon een spannende ervaring wilt beleven, deze poppers zijn de ideale keuze.<\/p>\n<p>Bij dutchchemlabs.com kunt u eenvoudig en veilig poppers kopen of bestellen. Wij bieden een snelle en discrete verzending, zodat u snel kunt genieten van uw Lockerroom Poppers Colt 30ml. Wacht niet langer en ervaar zelf waarom deze poppers zo populair zijn bij onze klanten. Bestel nu en beleef een onvergetelijke ervaring!<\/p>\n<p>Vill du ocks\u00e5 g\u00e4rna k\u00f6pa 3CMC? P\u00e5 dutchchemlabs.com s\u00e4ljer vi ocks\u00e5 <a href=\"https:\/\/dutchchemlabs.com\/product\/3cmc-kopen\/\">3CMC-pulver<\/a>, <a href=\"https:\/\/dutchchemlabs.com\/product\/3cmc-kopen-kristallen\/\">3CMC-kristaller<\/a> och <a href=\"https:\/\/dutchchemlabs.com\/product\/3cmc-kopen-capsules\/\">3CMC kapslar<\/a>.<\/p>\n<h2>Colt Lockeroom review<\/h2>\n<p>Colt Fuel Poppers, geproduceerd door het inventieve merk Colt dat bekend staat om fantastische seksspeeltjes, betreedt nu ook de poppersmarkt met een unieke geur. Deze poppers zijn geweldig spul: sterk en ideaal in combinatie met allerlei speeltjes of mensen! Colt Fuel biedt een aroma dat perfect is voor elke gelegenheid en je voorziet van brandstof voor erotische avonturen. Met de 10 ml Colt Fuel Poppers heb je genoeg om mee te beginnen! Het is tijd om bij te tanken met Colt Fuel Poppers en te genieten van een ongeremd, opwindend en warm gevoel. Deze poppers zijn speciaal ontwikkeld voor iedereen die nieuwe sensaties op seksueel gebied wil verkennen.<\/p>\n<h2>Poppers kopen doe je bij dutchchemlabs.com<\/h2>\n<p>Bij dutchchemlabs.com kan je sinds kort ook poppers bestellen. Wij zijn nog druk bezig ons assortiment uit te breiden. Heb jij nog suggesties over welke poppers of overige producten wij nog meer aan kunnen bieden? <a href=\"https:\/\/dutchchemlabs.com\/contact\">Neem contact met ons<\/a> op en laat het ons weten! Naast de Lockerroom Poppers Colt 30ml poppers bieden wij <a href=\"https:\/\/dutchchemlabs.com\/product-categorie\/poppers\/\">meerdere soorten poppers aan<\/a>.<\/p>\n<h2>Best\u00e4llt f\u00f6re 18:00 = levererat i morgon!<\/h2>\n<p><strong>Best\u00e4llt f\u00f6re 18:00 = levererat i morgon! <\/strong>Din best\u00e4llning kommer att skickas anonymt och diskret med v\u00e5r vanliga partner, PostNL. Dessutom kan du betala enkelt och snabbt med iDEAL eller Bancontact. Best\u00e4ll via webbplatsen eller kontakta oss via chatt. Om du har n\u00e5gra fr\u00e5gor och \/ eller kommentarer kan du alltid ringa, maila eller ringa oss. F\u00f6r best\u00e4llningar av st\u00f6rre kvantiteter, v\u00e4nligen skicka ett e-postmeddelande till info@dutchchemlabs.com. Vi ser fram emot att ta emot din best\u00e4llning!<\/p>\n<p>dutchchemlabs.com verkoopt <a href=\"https:\/\/dutchchemlabs.com\/product-categorie\/research-chemicals\/\">Forskningskemikalier<\/a> och mycket mer.<\/p>\n<div id=\"ConnectiveDocSignExtentionInstalled\" data-extension-version=\"1.0.4\"><\/div>","protected":false},"excerpt":{"rendered":"<ul>\n<li><strong>Diskret och anonym frakt<\/strong><\/li>\n<li><strong>Best\u00e4llt f\u00f6re 18:00 = levererat i morgon!<\/strong><\/li>\n<li><strong>Fri frakt \u00f6ver 50 euro<\/strong><\/li>\n<\/ul>\n<div id=\"ConnectiveDocSignExtentionInstalled\" data-extension-version=\"1.0.4\"><\/div>","protected":false},"featured_media":6950,"comment_status":"open","ping_status":"closed","template":"","meta":[],"product_brand":[],"product_cat":[206,207],"product_tag":[],"class_list":{"0":"post-6899","1":"product","2":"type-product","3":"status-publish","4":"has-post-thumbnail","6":"product_cat-poppers","7":"product_cat-poppers-large","9":"first","10":"instock","11":"taxable","12":"shipping-taxable","13":"purchasable","14":"product-type-simple"},"jetpack_sharing_enabled":true,"_links":{"self":[{"href":"https:\/\/dutchchemlabs.com\/sv\/wp-json\/wp\/v2\/product\/6899","targetHints":{"allow":["GET"]}}],"collection":[{"href":"https:\/\/dutchchemlabs.com\/sv\/wp-json\/wp\/v2\/product"}],"about":[{"href":"https:\/\/dutchchemlabs.com\/sv\/wp-json\/wp\/v2\/types\/product"}],"replies":[{"embeddable":true,"href":"https:\/\/dutchchemlabs.com\/sv\/wp-json\/wp\/v2\/comments?post=6899"}],"version-history":[{"count":1,"href":"https:\/\/dutchchemlabs.com\/sv\/wp-json\/wp\/v2\/product\/6899\/revisions"}],"predecessor-version":[{"id":6951,"href":"https:\/\/dutchchemlabs.com\/sv\/wp-json\/wp\/v2\/product\/6899\/revisions\/6951"}],"wp:featuredmedia":[{"embeddable":true,"href":"https:\/\/dutchchemlabs.com\/sv\/wp-json\/wp\/v2\/media\/6950"}],"wp:attachment":[{"href":"https:\/\/dutchchemlabs.com\/sv\/wp-json\/wp\/v2\/media?parent=6899"}],"wp:term":[{"taxonomy":"product_brand","embeddable":true,"href":"https:\/\/dutchchemlabs.com\/sv\/wp-json\/wp\/v2\/product_brand?post=6899"},{"taxonomy":"product_cat","embeddable":true,"href":"https:\/\/dutchchemlabs.com\/sv\/wp-json\/wp\/v2\/product_cat?post=6899"},{"taxonomy":"product_tag","embeddable":true,"href":"https:\/\/dutchchemlabs.com\/sv\/wp-json\/wp\/v2\/product_tag?post=6899"}],"curies":[{"name":"wp","href":"https:\/\/api.w.org\/{rel}","templated":true}]}}