{"id":7399,"date":"2025-09-20T19:27:49","date_gmt":"2025-09-20T19:27:49","guid":{"rendered":"https:\/\/dutchchemlabs.com\/?post_type=product&#038;p=7399"},"modified":"2025-11-08T07:39:04","modified_gmt":"2025-11-08T07:39:04","slug":"1p-lsd-blotters-100mcg","status":"publish","type":"product","link":"https:\/\/dutchchemlabs.com\/sv\/product\/1p-lsd-blotters-100mcg\/","title":{"rendered":"1P-LSD Blotters (100mcg)"},"content":{"rendered":"<h2>K\u00f6p 1P-LSD Blotters<\/h2>\n<p>1P-LSD is een onderzoekschemische stof en niet bedoeld voor menselijke consumptie. Je kunt 1P-LSD kopen bij dutchchemlabs.com. Als je v\u00f3\u00f3r 18:00 uur bestelt, wordt het de volgende dag al geleverd! Bij ons kun je veilig en gemakkelijk betalen met iDEAL, CreditCard, bankoverschrijving en crypto, zoals je gewend bent. 1P-LSD bestellen doe je bij dutchchemlabs.com. Wij bieden ook <a href=\"https:\/\/dutchchemlabs.com\/product-categorie\/research-chemicals\/cathinonen\/2mmc-kopen\/\">2MMC<\/a>, <a href=\"https:\/\/dutchchemlabs.com\/product-categorie\/research-chemicals\/cathinonen\/pentedrone-nep\/\">Pentedrone (NEP)<\/a>,\u00a0<a href=\"https:\/\/dutchchemlabs.com\/product-categorie\/research-chemicals\/cathinonen\/3fmc\/\">3FMC<\/a> och andra forskningskemikalier till.<\/p>\n<h2>Wat is 1P-LSD?<\/h2>\n<p>1-Propionyl-d-lysergic acid diethylamide (1P-LSD), een lid van de lysergamideklasse, heeft bekendheid verworven als een nieuw psychedelisch middel dat structureel verwant is aan LSD. Het wordt verondersteld te interageren met serotonine-receptoren in de hersenen, en hoewel de exacte synthese datum onbekend is, kwam het in 2015 op de online onderzoekschemiemarkt. Ondanks het ontbreken van een voorgeschiedenis in onderzoeksliteratuur, werd het op de markt gebracht als een legaal alternatief voor LSD. Het wordt voorgesteld als een prodrug voor LSD, ondersteund door een studie die aantoonde dat het in ratten wordt gemetaboliseerd tot LSD. Er is beperkte informatie over de farmacologie, metabolisme en toxiciteit, wat voorzichtigheid en het toepassen van harm reduction-praktijken bij gebruik van deze stof in jouw onderzoek noodzakelijk maakt.<\/p>\n<h2>1P-LSD effecten<\/h2>\n<p>De subjectieve effecten van 1P-LSD lijken volgens veel gebruikers zo sterk op die van LSD dat ze vrijwel niet van elkaar te onderscheiden zijn. In vergelijking met andere psychedelica zoals psilocybine, LSA en ayahuasca, is 1P-LSD aanzienlijk meer stimulerend en snel in de specifieke stijl van de fysieke en cognitieve effecten. De effecten omvatten intense euforie, verbeterde introspectie, conceptueel denken, fysieke stimulatie en visuele hallucinaties. Het leidt tot een gevoel van fysiek comfort, warmte, liefde en zaligheid, terwijl het deels ook stimulerende eigenschappen heeft die fysieke activiteiten zoals rennen, lopen, klimmen of dansen kunnen aanmoedigen. Tactiele sensaties worden versterkt en een verbetering van uithoudingsvermogen kan optreden.<\/p>\n<p>Let op! Het is echter van belang om op mogelijke risico\u2019s te letten bij het uitvoeren van jouw onderzoek, zoals toenemende hartslag, vasoconstrictie, nausea en de potentie voor verslaving en ernstige ongevallen bij hoge doses. 1P-LSD\u2019s visuele effecten vari\u00ebren van verhoogd kleurwaarneming, patroonherkenning en visuele scherpte tot visuele vervormingen zoals bewegende patronen, kleurverschuivingen en tracers.<\/p>\n<h2>Best\u00e4llt f\u00f6re 18:00 = levererat i morgon!<\/h2>\n<p><strong>Best\u00e4llt f\u00f6re 18:00 = levererat i morgon! <\/strong>Din best\u00e4llning kommer att skickas anonymt och diskret med v\u00e5r vanliga partner, PostNL. Dessutom kan du betala enkelt och snabbt med iDEAL eller Bancontact. Best\u00e4ll via webbplatsen eller kontakta oss via chatt. Om du har n\u00e5gra fr\u00e5gor och \/ eller kommentarer kan du alltid ringa, maila eller ringa oss. F\u00f6r best\u00e4llningar av st\u00f6rre kvantiteter, v\u00e4nligen skicka ett e-postmeddelande till info@dutchchemlabs.com. Vi ser fram emot att ta emot din best\u00e4llning!<\/p>\n<h2>Vi levererar \u00e4ven stora kvantiteter<\/h2>\n<p>1P-LSD wordt verkocht in verschillende hoeveelheden. Wil je graag 1P-LSD bestellen in grotere hoeveelheden? Neem dan via de chat contact met ons op. dutchchemlabs.com bied scherpe tarieven voor grotere hoeveelheden. Wacht niet langer en neem vandaag nog contact op.<\/p>\n<div id=\"ConnectiveDocSignExtentionInstalled\" data-extension-version=\"1.0.4\"><\/div>","protected":false},"excerpt":{"rendered":"<ul>\n<li><strong>Diskret och anonym frakt<\/strong><\/li>\n<li><strong>Best\u00e4llt f\u00f6re 18:00 = levererat i morgon!<\/strong><\/li>\n<li><strong>Fri frakt \u00f6ver 50 euro<\/strong><\/li>\n<\/ul>\n<div id=\"ConnectiveDocSignExtentionInstalled\" data-extension-version=\"1.0.4\"><\/div>","protected":false},"featured_media":8970,"comment_status":"open","ping_status":"closed","template":"","meta":[],"product_brand":[],"product_cat":[232,574,91,187],"product_tag":[],"class_list":{"0":"post-7399","1":"product","2":"type-product","3":"status-publish","4":"has-post-thumbnail","6":"product_cat-1p-lsd","7":"product_cat-blotters","8":"product_cat-lysergamides","9":"product_cat-populair","11":"first","12":"instock","13":"taxable","14":"shipping-taxable","15":"purchasable","16":"product-type-variable"},"jetpack_sharing_enabled":true,"_links":{"self":[{"href":"https:\/\/dutchchemlabs.com\/sv\/wp-json\/wp\/v2\/product\/7399","targetHints":{"allow":["GET"]}}],"collection":[{"href":"https:\/\/dutchchemlabs.com\/sv\/wp-json\/wp\/v2\/product"}],"about":[{"href":"https:\/\/dutchchemlabs.com\/sv\/wp-json\/wp\/v2\/types\/product"}],"replies":[{"embeddable":true,"href":"https:\/\/dutchchemlabs.com\/sv\/wp-json\/wp\/v2\/comments?post=7399"}],"version-history":[{"count":2,"href":"https:\/\/dutchchemlabs.com\/sv\/wp-json\/wp\/v2\/product\/7399\/revisions"}],"predecessor-version":[{"id":8971,"href":"https:\/\/dutchchemlabs.com\/sv\/wp-json\/wp\/v2\/product\/7399\/revisions\/8971"}],"wp:featuredmedia":[{"embeddable":true,"href":"https:\/\/dutchchemlabs.com\/sv\/wp-json\/wp\/v2\/media\/8970"}],"wp:attachment":[{"href":"https:\/\/dutchchemlabs.com\/sv\/wp-json\/wp\/v2\/media?parent=7399"}],"wp:term":[{"taxonomy":"product_brand","embeddable":true,"href":"https:\/\/dutchchemlabs.com\/sv\/wp-json\/wp\/v2\/product_brand?post=7399"},{"taxonomy":"product_cat","embeddable":true,"href":"https:\/\/dutchchemlabs.com\/sv\/wp-json\/wp\/v2\/product_cat?post=7399"},{"taxonomy":"product_tag","embeddable":true,"href":"https:\/\/dutchchemlabs.com\/sv\/wp-json\/wp\/v2\/product_tag?post=7399"}],"curies":[{"name":"wp","href":"https:\/\/api.w.org\/{rel}","templated":true}]}}