{"id":7797,"date":"2025-09-20T19:28:56","date_gmt":"2025-09-20T19:28:56","guid":{"rendered":"https:\/\/dutchchemlabs.com\/?post_type=product&#038;p=7797"},"modified":"2025-11-08T07:39:03","modified_gmt":"2025-11-08T07:39:03","slug":"eutylone-kristallen-ed-db-verboden-nooit-meer-leverbaar","status":"publish","type":"product","link":"https:\/\/dutchchemlabs.com\/sv\/product\/eutylone-kristallen-ed-db-verboden-nooit-meer-leverbaar\/","title":{"rendered":"Eutylone Kristallen (ED-DB) (Verboden, nooit meer leverbaar)"},"content":{"rendered":"<p><strong>Eutylone (ED-DB) kopen? Eutylone (ED-DB) is een synthetisch cathinon dat behoort tot de \u03b2-keto-familie van verbindingen, en heeft stimulerende en empathogene effecten, vergelijkbaar met MDMA.<br \/>\n<\/strong><\/p>\n<p>Bestel vandaag nog de allerhoogste kwaliteit Eutylone Kristallen bij dutchchemlabs.com. Eutylone is een stof die valt onder de groep cathinonen. Eutylone is een Research Chemical en is niet voor menselijke consumptie geschikt. Voor 18:00 besteld is morgen al in huis! Je kunt bij ons gemakkelijk en veilig betalen met iDEAL, zoals je gewend bent. Eutylone Kristallen kopen doe je bij dutchchemlabs.com, de snelste, beste en goedkoopste Research Chemicals specialist van Nederland! Daarnaast bieden we ook andere <a href=\"https:\/\/dutchchemlabs.com\/product-categorie\/research-chemicals\/\"> Forskningskemikalier<\/a> aan.<\/p>\n<p>Vill du ocks\u00e5 g\u00e4rna k\u00f6pa 3CMC? P\u00e5 dutchchemlabs.com s\u00e4ljer vi ocks\u00e5 <a href=\"https:\/\/dutchchemlabs.com\/product\/3cmc-kopen\/\">3CMC-pulver<\/a>, <a href=\"https:\/\/dutchchemlabs.com\/product\/3cmc-kopen-kristallen\/\">3CMC-kristaller<\/a> och <a href=\"https:\/\/dutchchemlabs.com\/product\/3cmc-kopen-capsules\/\">3CMC kapslar<\/a>.<\/p>\n<h2>Eutylone effecten<\/h2>\n<p>Binnen de online gemeenschap delen gebruikers online hun ervaringen met Eutylone, ook bekend als ED-DB, waarbij ze wijzen op enkele verleidelijke positieve effecten. Sommige rapporten beschrijven een kortstondige toename van energie en alertheid, evenals een gevoel van euforie en verhoogde sociale interactie. Enkele gebruikers hebben melding gemaakt van een tijdelijke verbetering van de stemming en het gevoel van welzijn, wat hen mogelijk aantrekt tot deze stof.<\/p>\n<p>Let op! Hoewel deze positieve ervaringen worden gedeeld, is het cruciaal om te benadrukken dat ze een vertekend beeld kunnen geven van de werkelijke risico\u2019s en bijwerkingen van Eutylone. De schijnbaar gunstige effecten kunnen overschaduwd worden door onvoorspelbare reacties, gezondheidsgevaren en mogelijke negatieve consequenties op de lange termijn. Gezien het gebrek aan wetenschappelijk onderzoek en betrouwbare informatie, is het van het grootste belang om voorzichtig te zijn bij het gebruik van deze stof in jouw onderzoek, aangezien de ware aard en impact ervan nog steeds grotendeels onbekend zijn.<\/p>\n<p>Bij ons kun je natuurlijk ook <a href=\"https:\/\/dutchchemlabs.com\/product-categorie\/research-chemicals\/3cmc-kopen\/\">3CMC bestellen,<\/a><\/p>\n<h2>Voor 18:00 besteld, morgen in huis!<\/h2>\n<p><strong>Best\u00e4llt f\u00f6re 18:00 = levererat i morgon! <\/strong>Din best\u00e4llning kommer att skickas anonymt och diskret med v\u00e5r vanliga partner, PostNL. Dessutom kan du betala enkelt och snabbt med iDEAL eller Bancontact. Best\u00e4ll via webbplatsen eller kontakta oss via chatt. Om du har n\u00e5gra fr\u00e5gor och \/ eller kommentarer kan du alltid ringa, maila eller ringa oss. F\u00f6r best\u00e4llningar av st\u00f6rre kvantiteter, v\u00e4nligen skicka ett e-postmeddelande till info@dutchchemlabs.com. Vi ser fram emot att ta emot din best\u00e4llning!<\/p>\n<h2>Vi levererar \u00e4ven stora kvantiteter<\/h2>\n<p>Wil je 3CMC kopen of Eutylone bestellen in grote hoeveelheden? Bestel vandaag nog de allerhoogste kwaliteit Eutylone bij dutchchemlabs.com. Eutylone is een Research Chemical en is niet voor menselijke consumptie geschikt. ED-DB wordt gezien als een van de vervangers van 3-MMC. Bij dutchchemlabs.com kun je ED-DB bestellen in de vorm van <a href=\"https:\/\/dutchchemlabs.com\/product\/eutylone-kristallen-kopen\/\">Eutylone Kristallen,<\/a> maar je kunt ook een Cathinonen Combi Pack kopen met daarin <a href=\"https:\/\/dutchchemlabs.com\/product-categorie\/research-chemicals\/cathinonen\/3cmc-kopen\/\">3CMC Poeder,<\/a> <a href=\"https:\/\/dutchchemlabs.com\/product\/2mmc-poeder-kopen-3mmc-vervanger\/\">2MMC Pulver<\/a>, Eutylone Kristallen en <a href=\"https:\/\/dutchchemlabs.com\/product\/a-pihp-kristalbrokken-kopen\/\">PiHP Kristalbrokken<\/a>.<\/p>\n<div id=\"ConnectiveDocSignExtentionInstalled\" data-extension-version=\"1.0.4\"><\/div>","protected":false},"excerpt":{"rendered":"<ul>\n<li><strong>Diskret och anonym frakt<\/strong><\/li>\n<li><strong>Best\u00e4llt f\u00f6re 18:00 = levererat i morgon!<\/strong><\/li>\n<li><strong>Fri frakt \u00f6ver 50 euro<\/strong><\/li>\n<\/ul>\n<div id=\"ConnectiveDocSignExtentionInstalled\" data-extension-version=\"1.0.4\"><\/div>","protected":false},"featured_media":8974,"comment_status":"open","ping_status":"closed","template":"","meta":[],"product_brand":[],"product_cat":[102,346],"product_tag":[],"class_list":{"0":"post-7797","1":"product","2":"type-product","3":"status-publish","4":"has-post-thumbnail","6":"product_cat-cathinonen","7":"product_cat-eutylone-ed-db","9":"first","10":"instock","11":"taxable","12":"shipping-taxable","13":"purchasable","14":"product-type-variable"},"jetpack_sharing_enabled":true,"_links":{"self":[{"href":"https:\/\/dutchchemlabs.com\/sv\/wp-json\/wp\/v2\/product\/7797","targetHints":{"allow":["GET"]}}],"collection":[{"href":"https:\/\/dutchchemlabs.com\/sv\/wp-json\/wp\/v2\/product"}],"about":[{"href":"https:\/\/dutchchemlabs.com\/sv\/wp-json\/wp\/v2\/types\/product"}],"replies":[{"embeddable":true,"href":"https:\/\/dutchchemlabs.com\/sv\/wp-json\/wp\/v2\/comments?post=7797"}],"version-history":[{"count":2,"href":"https:\/\/dutchchemlabs.com\/sv\/wp-json\/wp\/v2\/product\/7797\/revisions"}],"predecessor-version":[{"id":8975,"href":"https:\/\/dutchchemlabs.com\/sv\/wp-json\/wp\/v2\/product\/7797\/revisions\/8975"}],"wp:featuredmedia":[{"embeddable":true,"href":"https:\/\/dutchchemlabs.com\/sv\/wp-json\/wp\/v2\/media\/8974"}],"wp:attachment":[{"href":"https:\/\/dutchchemlabs.com\/sv\/wp-json\/wp\/v2\/media?parent=7797"}],"wp:term":[{"taxonomy":"product_brand","embeddable":true,"href":"https:\/\/dutchchemlabs.com\/sv\/wp-json\/wp\/v2\/product_brand?post=7797"},{"taxonomy":"product_cat","embeddable":true,"href":"https:\/\/dutchchemlabs.com\/sv\/wp-json\/wp\/v2\/product_cat?post=7797"},{"taxonomy":"product_tag","embeddable":true,"href":"https:\/\/dutchchemlabs.com\/sv\/wp-json\/wp\/v2\/product_tag?post=7797"}],"curies":[{"name":"wp","href":"https:\/\/api.w.org\/{rel}","templated":true}]}}