{"id":7922,"date":"2025-09-20T19:29:19","date_gmt":"2025-09-20T19:29:19","guid":{"rendered":"https:\/\/dutchchemlabs.com\/?post_type=product&#038;p=7922"},"modified":"2025-11-08T07:39:02","modified_gmt":"2025-11-08T07:39:02","slug":"norflurazepam-pellets-5mg","status":"publish","type":"product","link":"https:\/\/dutchchemlabs.com\/sv\/product\/norflurazepam-pellets-5mg\/","title":{"rendered":"Norflurazepam Pellets (5mg)"},"content":{"rendered":"<h1>Norflurazepam pellets kopen<\/h1>\n<p>Norflurazepam is een onderzoekschemische stof en niet bedoeld voor menselijke consumptie. Je kunt Norflurazepam kopen bij dutchchemlabs.com. Als je v\u00f3\u00f3r 18:00 uur bestelt, wordt het de volgende dag al geleverd! Bij ons kun je veilig en gemakkelijk betalen met iDEAL, CreditCard, bankoverschrijving en crypto, zoals je gewend bent. Norflurazepam bestellen doe je bij dutchchemlabs.com. Wij bieden ook <a href=\"https:\/\/dutchchemlabs.com\/product-categorie\/research-chemicals\/cathinonen\/2mmc-kopen\/\">2MMC<\/a>, <a href=\"https:\/\/dutchchemlabs.com\/product-categorie\/research-chemicals\/cathinonen\/pentedrone-nep\/\">Pentedrone (NEP)<\/a>,\u00a0<a href=\"https:\/\/dutchchemlabs.com\/product-categorie\/research-chemicals\/cathinonen\/3fmc\/\">3FMC<\/a> och andra forskningskemikalier till.<\/p>\n<h2>Wat is Norflurazepam?<\/h2>\n<p>Norflurazepam, ook bekend als N-Desalkylflurazepam, is een bekend menselijk metaboliet van Flurazepam, een benzodiazepine dat vaak wordt voorgeschreven voor de behandeling van slapeloosheid. De metabolisering van Norflurazepam is uitvoerig bestudeerd bij honden, resusapen en mensen, waarbij verschillende metabolieten zijn ge\u00efdentificeerd. In de urine wordt N-Desalkylflurazepam verder gemetaboliseerd tot N-1-desalkyl-3-hydroxyflurazepam. Norflurazepam heeft een gemiddelde halfwaardetijd van ongeveer 70 uur, met variatie van 47 tot 100 uur.<\/p>\n<h2>Best\u00e4llt f\u00f6re 18:00 = levererat i morgon!<\/h2>\n<p><strong>Best\u00e4llt f\u00f6re 18:00 = levererat i morgon! <\/strong>Din best\u00e4llning kommer att skickas anonymt och diskret. Dessutom kan du betala enkelt och snabbt med iDEAL eller Bancontact. Best\u00e4ll via webbplatsen eller kontakta oss via chatt. Om du har n\u00e5gra fr\u00e5gor eller kommentarer kan du alltid ringa, maila eller ringa oss via e-post. F\u00f6r best\u00e4llningar i st\u00f6rre kvantiteter, v\u00e4nligen skicka ett e-postmeddelande till info@dutchchemlabs.com. Vi ser fram emot att ta emot din best\u00e4llning!<\/p>\n<h2>Vi levererar \u00e4ven stora kvantiteter<\/h2>\n<p>Wil je graag Norflurazepam pellets bestellen in grotere hoeveelheden? Neem dan via de chat contact met ons op. dutchchemlabs.com bied scherpe tarieven voor grotere hoeveelheden. Wacht niet langer en neem vandaag nog contact op.<\/p>\n<div id=\"ConnectiveDocSignExtentionInstalled\" data-extension-version=\"1.0.4\"><\/div>","protected":false},"excerpt":{"rendered":"<ul>\n<li><strong>Diskret och anonym frakt<\/strong><\/li>\n<li><strong>Best\u00e4llt f\u00f6re 18:00 = levererat i morgon!<\/strong><\/li>\n<li><strong>Fri frakt \u00f6ver 50 euro<\/strong><\/li>\n<\/ul>\n<div id=\"ConnectiveDocSignExtentionInstalled\" data-extension-version=\"1.0.4\"><\/div>","protected":false},"featured_media":8786,"comment_status":"open","ping_status":"closed","template":"","meta":[],"product_brand":[],"product_cat":[323,357,573],"product_tag":[],"class_list":{"0":"post-7922","1":"product","2":"type-product","3":"status-publish","4":"has-post-thumbnail","6":"product_cat-benzodiazepinen","7":"product_cat-norflurazepam","8":"product_cat-pellets","10":"first","11":"instock","12":"taxable","13":"shipping-taxable","14":"purchasable","15":"product-type-variable"},"jetpack_sharing_enabled":true,"_links":{"self":[{"href":"https:\/\/dutchchemlabs.com\/sv\/wp-json\/wp\/v2\/product\/7922","targetHints":{"allow":["GET"]}}],"collection":[{"href":"https:\/\/dutchchemlabs.com\/sv\/wp-json\/wp\/v2\/product"}],"about":[{"href":"https:\/\/dutchchemlabs.com\/sv\/wp-json\/wp\/v2\/types\/product"}],"replies":[{"embeddable":true,"href":"https:\/\/dutchchemlabs.com\/sv\/wp-json\/wp\/v2\/comments?post=7922"}],"version-history":[{"count":2,"href":"https:\/\/dutchchemlabs.com\/sv\/wp-json\/wp\/v2\/product\/7922\/revisions"}],"predecessor-version":[{"id":8787,"href":"https:\/\/dutchchemlabs.com\/sv\/wp-json\/wp\/v2\/product\/7922\/revisions\/8787"}],"wp:featuredmedia":[{"embeddable":true,"href":"https:\/\/dutchchemlabs.com\/sv\/wp-json\/wp\/v2\/media\/8786"}],"wp:attachment":[{"href":"https:\/\/dutchchemlabs.com\/sv\/wp-json\/wp\/v2\/media?parent=7922"}],"wp:term":[{"taxonomy":"product_brand","embeddable":true,"href":"https:\/\/dutchchemlabs.com\/sv\/wp-json\/wp\/v2\/product_brand?post=7922"},{"taxonomy":"product_cat","embeddable":true,"href":"https:\/\/dutchchemlabs.com\/sv\/wp-json\/wp\/v2\/product_cat?post=7922"},{"taxonomy":"product_tag","embeddable":true,"href":"https:\/\/dutchchemlabs.com\/sv\/wp-json\/wp\/v2\/product_tag?post=7922"}],"curies":[{"name":"wp","href":"https:\/\/api.w.org\/{rel}","templated":true}]}}