{"id":7929,"date":"2025-09-20T19:29:19","date_gmt":"2025-09-20T19:29:19","guid":{"rendered":"https:\/\/dutchchemlabs.com\/?post_type=product&#038;p=7929"},"modified":"2025-11-08T07:39:02","modified_gmt":"2025-11-08T07:39:02","slug":"gidazepam-pellets-3mg","status":"publish","type":"product","link":"https:\/\/dutchchemlabs.com\/sv\/product\/gidazepam-pellets-3mg\/","title":{"rendered":"Gidazepam Pellets (3mg)"},"content":{"rendered":"<h1>Gidazepam pellets kopen<\/h1>\n<p>Gidazepam is een onderzoekschemische stof en niet bedoeld voor menselijke consumptie. Je kunt Gidazepam kopen bij dutchchemlabs.com. Als je v\u00f3\u00f3r 18:00 uur bestelt, wordt het de volgende dag al geleverd! Bij ons kun je veilig en gemakkelijk betalen met iDEAL, CreditCard, bankoverschrijving en crypto, zoals je gewend bent. Gidazepam bestellen doe je bij dutchchemlabs.com. Wij bieden ook <a href=\"https:\/\/dutchchemlabs.com\/product-categorie\/research-chemicals\/cathinonen\/2mmc-kopen\/\">2MMC<\/a>, <a href=\"https:\/\/dutchchemlabs.com\/product-categorie\/research-chemicals\/cathinonen\/pentedrone-nep\/\">Pentedrone (NEP)<\/a>,\u00a0<a href=\"https:\/\/dutchchemlabs.com\/product-categorie\/research-chemicals\/cathinonen\/3fmc\/\">3FMC<\/a> och andra forskningskemikalier till.<\/p>\n<h2>Wat is Gidazepam?<\/h2>\n<p>Gidazepam, ook bekend als hydazepam of hidazepam, is een atypisch benzodiazepine-derivaat dat ontwikkeld is in de Sovjet-Unie. Het staat bekend als een selectief anxiolytisch benzodiazepine met therapeutische waarde in de behandeling van bepaalde cardiovasculaire aandoeningen. Als prodrug dient Gidazepam voor zijn actieve metaboliet 7-bromo-2,3-dihydro-5-phenyl-1H-1,4-benzodiazepin-2-one, ook wel bekend als desalkylgidazepam of bromo-nordazepam.<\/p>\n<p>Het wordt gebruikt als een anxiolyticum, maar het duurt enkele uren voordat de anxiolytische effecten zich manifesteren, omdat het voornamelijk de actieve metaboliet is die deze effecten veroorzaakt. Nietewel heeft Gidazepam een van de langste halfwaardetijden van alle GABA-erge agonisten. Deze eigenschappen maken het een interessante substantie voor het onderzoek naar de behandeling van angst en cardiovasculaire aandoeningen, maar het is van belang om zich bewust te zijn van de vertraagde werkzaamheid en de bijbehorende farmacologische kenmerken.<\/p>\n<p>Wij bieden ook <a href=\"https:\/\/dutchchemlabs.com\/product-categorie\/research-chemicals\/cathinonen\/2mmc-kopen\/\">2MMC<\/a> och <a href=\"https:\/\/dutchchemlabs.com\/product-categorie\/research-chemicals\/cathinonen\/pentedrone-nep\/\" data-cke-saved-href=\"https:\/\/dutchchemlabs.com\/product-categorie\/research-chemicals\/cathinonen\/pentedrone-nep\/\">Pentedrone (NEP)<\/a> och andra forskningskemikalier till.<\/p>\n<h2>Gidazepam effecten<\/h2>\n<p>Gidazepam, een benzodiazepine, wordt in de wetenschappelijke context ingezet voor het onderzoek naar de behandeling van angststoornissen en slaapstoornissen. Dit middel vertoont kalmerende, anxiolytische en spierverslappende eigenschappen. De farmacologische werking berust op de positieve modulatie van de neurotransmitter gamma-aminoboterzuur (GABA) in het centrale zenuwstelsel, wat resulteert in de onderdrukking van neuronale activiteit. Deze neuromodulatie leidt tot gevoelens van ontspanning, angstvermindering en een algemene staat van kalmte.<\/p>\n<p>Let op! Gidazepam kan tevens bijwerkingen met zich meebrengen, zoals slaperigheid, verminderde concentratie, co\u00f6rdinatiestoornissen en geheugenstoornissen. Het is van groot belang om Gidazepam uitsluitend in overeenstemming met de voorgeschreven dosering en onder toezicht van medisch personeel te gebruiken, gezien het potentieel voor verslaving en de risico\u2019s van onjuist gebruik.<\/p>\n<p>Wetenschappers dienen te allen tijde een arts te raadplegen alvorens Gidazepam in hun onderzoek toe te passen, om de juiste dosering vast te stellen en de mogelijke risico\u2019s te evalueren die gepaard gaan met de experimentele toepassing ervan.<\/p>\n<h2>Best\u00e4llt f\u00f6re 18:00 = levererat i morgon!<\/h2>\n<p><strong>Best\u00e4llt f\u00f6re 18:00 = levererat i morgon! <\/strong>Din best\u00e4llning kommer att skickas anonymt och diskret. Dessutom kan du betala enkelt och snabbt med iDEAL eller Bancontact. Best\u00e4ll via webbplatsen eller kontakta oss via chatt. Om du har n\u00e5gra fr\u00e5gor eller kommentarer kan du alltid ringa, maila eller ringa oss via e-post. F\u00f6r best\u00e4llningar i st\u00f6rre kvantiteter, v\u00e4nligen skicka ett e-postmeddelande till info@dutchchemlabs.com. Vi ser fram emot att ta emot din best\u00e4llning!<\/p>\n<h2>Vi levererar \u00e4ven stora kvantiteter<\/h2>\n<p>Wil je graag Gidazepam Pellets bestellen in grotere hoeveelheden? Neem dan via de chat contact met ons op. dutchchemlabs.com bied scherpe tarieven voor grotere hoeveelheden. Wacht niet langer en neem vandaag nog contact op.<\/p>\n<div id=\"ConnectiveDocSignExtentionInstalled\" data-extension-version=\"1.0.4\"><\/div>","protected":false},"excerpt":{"rendered":"<ul>\n<li><strong>Diskret och anonym frakt<\/strong><\/li>\n<li><strong>Best\u00e4llt f\u00f6re 18:00 = levererat i morgon!<\/strong><\/li>\n<li><strong>Fri frakt \u00f6ver 50 euro<\/strong><\/li>\n<\/ul>\n<div id=\"ConnectiveDocSignExtentionInstalled\" data-extension-version=\"1.0.4\"><\/div>","protected":false},"featured_media":8790,"comment_status":"open","ping_status":"closed","template":"","meta":[],"product_brand":[],"product_cat":[323,356,573],"product_tag":[],"class_list":{"0":"post-7929","1":"product","2":"type-product","3":"status-publish","4":"has-post-thumbnail","6":"product_cat-benzodiazepinen","7":"product_cat-gidazepam","8":"product_cat-pellets","10":"first","11":"instock","12":"taxable","13":"shipping-taxable","14":"purchasable","15":"product-type-variable"},"jetpack_sharing_enabled":true,"_links":{"self":[{"href":"https:\/\/dutchchemlabs.com\/sv\/wp-json\/wp\/v2\/product\/7929","targetHints":{"allow":["GET"]}}],"collection":[{"href":"https:\/\/dutchchemlabs.com\/sv\/wp-json\/wp\/v2\/product"}],"about":[{"href":"https:\/\/dutchchemlabs.com\/sv\/wp-json\/wp\/v2\/types\/product"}],"replies":[{"embeddable":true,"href":"https:\/\/dutchchemlabs.com\/sv\/wp-json\/wp\/v2\/comments?post=7929"}],"version-history":[{"count":2,"href":"https:\/\/dutchchemlabs.com\/sv\/wp-json\/wp\/v2\/product\/7929\/revisions"}],"predecessor-version":[{"id":8791,"href":"https:\/\/dutchchemlabs.com\/sv\/wp-json\/wp\/v2\/product\/7929\/revisions\/8791"}],"wp:featuredmedia":[{"embeddable":true,"href":"https:\/\/dutchchemlabs.com\/sv\/wp-json\/wp\/v2\/media\/8790"}],"wp:attachment":[{"href":"https:\/\/dutchchemlabs.com\/sv\/wp-json\/wp\/v2\/media?parent=7929"}],"wp:term":[{"taxonomy":"product_brand","embeddable":true,"href":"https:\/\/dutchchemlabs.com\/sv\/wp-json\/wp\/v2\/product_brand?post=7929"},{"taxonomy":"product_cat","embeddable":true,"href":"https:\/\/dutchchemlabs.com\/sv\/wp-json\/wp\/v2\/product_cat?post=7929"},{"taxonomy":"product_tag","embeddable":true,"href":"https:\/\/dutchchemlabs.com\/sv\/wp-json\/wp\/v2\/product_tag?post=7929"}],"curies":[{"name":"wp","href":"https:\/\/api.w.org\/{rel}","templated":true}]}}