{"id":8011,"date":"2025-09-20T19:29:45","date_gmt":"2025-09-20T19:29:45","guid":{"rendered":"https:\/\/dutchchemlabs.com\/?post_type=product&#038;p=8011"},"modified":"2025-11-08T07:39:01","modified_gmt":"2025-11-08T07:39:01","slug":"jungle-juice-black-label-30ml-poppers","status":"publish","type":"product","link":"https:\/\/dutchchemlabs.com\/sv\/product\/jungle-juice-black-label-30ml-poppers\/","title":{"rendered":"Jungle Juice Black Label 30ml Poppers"},"content":{"rendered":"<h2>Jungle Juice Black Label 30ml Poppers van Lockerroom, de beste popper voor beginners!<\/h2>\n<p>De Jungle Juice Black Label is de beste popper voor beginnende, maar ook ervaren gebruikers. Poppers maken jouw intieme momenten nog leuker en spannender! Wanneer je direct uit het flesje snuift voel je direct het effect. Het effect duurt een aantal minuten. Jungle Juice Black Label poppers zijn een aantal keren gedistilleerd, waardoor de kwaliteit zeer zuiver is. Let op: Gebruik dit product niet in combinatie met erectiemiddelen.<\/p>\n<h2>Jungle Juice Black Label review<\/h2>\n<p>Jungle Juice Black Label poppers zijn een krachtige en intense keuze voor ervaren gebruikers. Met een compacte 15 ml fles van de fabrikant Lockerroom uit Canada, leveren deze poppers een ongelooflijk sterke en directe werking dankzij de pure Pentyl nitrietbasis. Ze behoren tot de sterkste poppers in de Jungle Juice-serie en hebben een duidelijk mannelijke geur. Deze poppers zijn niet geschikt voor beginners of mensen die gevoelig zijn voor sterke sensaties. Voor een nog intensere ervaring wordt het gebruik van een bijpassende <a href=\"https:\/\/dutchchemlabs.com\/product\/popper-inhaler\/\">Popper Inhaler<\/a> aanbevolen. Jungle Juice Black Label poppers laten je de kracht van meervoudige destillatie voelen, maar het is belangrijk om ze verantwoordelijk te gebruiken en de aanbevolen richtlijnen te volgen.<\/p>\n<h2>Poppers kopen doe je bij dutchchemlabs.com<\/h2>\n<p>Bij dutchchemlabs.com kan je sinds kort ook poppers bestellen. Wij zijn nog druk bezig ons assortiment uit te breiden. Heb jij nog suggesties over welke poppers of overige producten wij nog meer aan kunnen bieden? <a href=\"https:\/\/dutchchemlabs.com\/contact\">Neem contact met ons<\/a> op en laat het ons weten! Naast de Jungle Juice Black Label poppers bieden wij <a href=\"https:\/\/dutchchemlabs.com\/product-categorie\/poppers\/\">meerdere soorten poppers aan.<\/a><\/p>\n<h2>Best\u00e4llt f\u00f6re 18:00 = levererat i morgon!<\/h2>\n<p><strong>Best\u00e4llt f\u00f6re 18:00 = levererat i morgon! <\/strong>Din best\u00e4llning kommer att skickas anonymt och diskret med v\u00e5r vanliga partner, PostNL. Dessutom kan du betala enkelt och snabbt med iDEAL eller Bancontact. F\u00f6r best\u00e4llningar i st\u00f6rre kvantiteter, v\u00e4nligen skicka ett e-postmeddelande till info@dutchchemlabs.com. Vi ser fram emot att ta emot din best\u00e4llning!<\/p>\n<p>dutchchemlabs.com s\u00e4ljer flera sorter <a href=\"https:\/\/dutchchemlabs.com\/product-categorie\/poppers\/\">poppers<\/a>, <a href=\"https:\/\/dutchchemlabs.com\/product-categorie\/research-chemicals\/\">Forskningskemikalier<\/a> och mycket mer.<\/p>\n<div id=\"ConnectiveDocSignExtentionInstalled\" data-extension-version=\"1.0.4\"><\/div>","protected":false},"excerpt":{"rendered":"<ul>\n<li><strong>Diskret och anonym frakt<\/strong><\/li>\n<li><strong>Best\u00e4llt f\u00f6re 18:00 = levererat i morgon!<\/strong><\/li>\n<li><strong>Fri frakt \u00f6ver 50 euro<\/strong><\/li>\n<\/ul>\n<div id=\"ConnectiveDocSignExtentionInstalled\" data-extension-version=\"1.0.4\"><\/div>","protected":false},"featured_media":8041,"comment_status":"open","ping_status":"closed","template":"","meta":[],"product_brand":[],"product_cat":[206,207,187],"product_tag":[],"class_list":{"0":"post-8011","1":"product","2":"type-product","3":"status-publish","4":"has-post-thumbnail","6":"product_cat-poppers","7":"product_cat-poppers-large","8":"product_cat-populair","10":"first","11":"instock","12":"taxable","13":"shipping-taxable","14":"purchasable","15":"product-type-simple"},"jetpack_sharing_enabled":true,"_links":{"self":[{"href":"https:\/\/dutchchemlabs.com\/sv\/wp-json\/wp\/v2\/product\/8011","targetHints":{"allow":["GET"]}}],"collection":[{"href":"https:\/\/dutchchemlabs.com\/sv\/wp-json\/wp\/v2\/product"}],"about":[{"href":"https:\/\/dutchchemlabs.com\/sv\/wp-json\/wp\/v2\/types\/product"}],"replies":[{"embeddable":true,"href":"https:\/\/dutchchemlabs.com\/sv\/wp-json\/wp\/v2\/comments?post=8011"}],"version-history":[{"count":1,"href":"https:\/\/dutchchemlabs.com\/sv\/wp-json\/wp\/v2\/product\/8011\/revisions"}],"predecessor-version":[{"id":8042,"href":"https:\/\/dutchchemlabs.com\/sv\/wp-json\/wp\/v2\/product\/8011\/revisions\/8042"}],"wp:featuredmedia":[{"embeddable":true,"href":"https:\/\/dutchchemlabs.com\/sv\/wp-json\/wp\/v2\/media\/8041"}],"wp:attachment":[{"href":"https:\/\/dutchchemlabs.com\/sv\/wp-json\/wp\/v2\/media?parent=8011"}],"wp:term":[{"taxonomy":"product_brand","embeddable":true,"href":"https:\/\/dutchchemlabs.com\/sv\/wp-json\/wp\/v2\/product_brand?post=8011"},{"taxonomy":"product_cat","embeddable":true,"href":"https:\/\/dutchchemlabs.com\/sv\/wp-json\/wp\/v2\/product_cat?post=8011"},{"taxonomy":"product_tag","embeddable":true,"href":"https:\/\/dutchchemlabs.com\/sv\/wp-json\/wp\/v2\/product_tag?post=8011"}],"curies":[{"name":"wp","href":"https:\/\/api.w.org\/{rel}","templated":true}]}}